{"id":262,"date":"2020-10-17T16:20:17","date_gmt":"2020-10-17T15:20:17","guid":{"rendered":"https:\/\/www.corners.cz\/?page_id=262"},"modified":"2021-11-26T12:46:06","modified_gmt":"2021-11-26T12:46:06","slug":"pro-firmy","status":"publish","type":"page","link":"https:\/\/www.corners.cz\/en\/pro-firmy\/","title":{"rendered":"CORPORATE"},"content":{"rendered":"<p>[et_pb_section fb_built=&#8220;1&#8243; custom_padding_last_edited=&#8220;on|phone&#8220; _builder_version=&#8220;4.11.3&#8243; _module_preset=&#8220;default&#8220; background_enable_color=&#8220;off&#8220; background_image=&#8220;https:\/\/www.corners.cz\/wp-content\/uploads\/2020\/10\/Group-169.jpg&#8220; background_blend=&#8220;darken&#8220; height=&#8220;500px&#8220; height_tablet=&#8220;&#8220; height_phone=&#8220;&#8220; height_last_edited=&#8220;on|phone&#8220; custom_margin=&#8220;||||false|false&#8220; custom_padding=&#8220;0px||||false|false&#8220; custom_padding_tablet=&#8220;||||false|false&#8220; custom_padding_phone=&#8220;||||false|false&#8220; locked=&#8220;off&#8220; global_colors_info=&#8220;{}&#8220;][et_pb_row custom_padding_last_edited=&#8220;on|phone&#8220; _builder_version=&#8220;4.11.3&#8243; _module_preset=&#8220;default&#8220; width=&#8220;100%&#8220; max_width=&#8220;2560px&#8220; custom_padding=&#8220;0px|0px|0px|0px|true|true&#8220; custom_padding_tablet=&#8220;&#8220; custom_padding_phone=&#8220;&#8220; locked=&#8220;off&#8220; global_colors_info=&#8220;{}&#8220;][et_pb_column type=&#8220;4_4&#8243; _builder_version=&#8220;4.9.11&#8243; _module_preset=&#8220;default&#8220; global_colors_info=&#8220;{}&#8220;][et_pb_text module_id=&#8220;fontika&#8220; _builder_version=&#8220;4.11.3&#8243; _module_preset=&#8220;default&#8220; header_font=&#8220;|||on|||||&#8220; header_text_align=&#8220;center&#8220; header_text_color=&#8220;#000000&#8243; header_font_size=&#8220;22vw&#8220; header_line_height=&#8220;0.9em&#8220; custom_margin=&#8220;0px|0px|0px|0px|true|true&#8220; custom_padding=&#8220;0px|0px|0px|0px|true|true&#8220; header_font_size_tablet=&#8220;24vw&#8220; header_font_size_phone=&#8220;24vw&#8220; header_font_size_last_edited=&#8220;on|phone&#8220; custom_css_main_element=&#8220;color: white;||  -webkit-text-fill-color: rgba(255,255,255,0); \/* Will override color (regardless of order) *\/||  -webkit-text-stroke-width: 1px;||  -webkit-text-stroke-color: rgb(255,255,255);&#8220; global_colors_info=&#8220;{}&#8220;]<\/p>\n<h1>pro firmy<\/h1>\n<p>[\/et_pb_text][\/et_pb_column][\/et_pb_row][\/et_pb_section][et_pb_section fb_built=&#8220;1&#8243; _builder_version=&#8220;4.6.5&#8243; _module_preset=&#8220;default&#8220; global_colors_info=&#8220;{}&#8220; locked=&#8220;off&#8220;][et_pb_row _builder_version=&#8220;4.11.3&#8243; _module_preset=&#8220;default&#8220; max_width=&#8220;2560px&#8220; custom_padding=&#8220;0px||||false|false&#8220; locked=&#8220;off&#8220; global_colors_info=&#8220;{}&#8220;][et_pb_column type=&#8220;4_4&#8243; _builder_version=&#8220;4.11.3&#8243; _module_preset=&#8220;default&#8220; global_colors_info=&#8220;{}&#8220;][et_pb_text _builder_version=&#8220;4.11.3&#8243; _module_preset=&#8220;default&#8220; header_2_font=&#8220;OswaldFinal|700||on|||||&#8220; header_2_text_color=&#8220;#000000&#8243; header_2_font_size=&#8220;35px&#8220; custom_margin=&#8220;||0px||false|false&#8220; custom_padding=&#8220;||0px||false|false&#8220; hover_enabled=&#8220;0&#8243; global_colors_info=&#8220;{}&#8220; sticky_enabled=&#8220;0&#8243;]<\/p>\n<h2><span style=\"color: #ce2026;\">Okruhov\u00fd den <\/span>na m\u00edru<span style=\"color: #ce2026;\"><br \/><\/span><\/h2>\n<p>[\/et_pb_text][et_pb_text _builder_version=&#8220;4.11.3&#8243; _module_preset=&#8220;default&#8220; text_font=&#8220;Montseratt Regular||||||||&#8220; text_text_color=&#8220;#000000&#8243; ul_font=&#8220;Montseratt Regular||||||||&#8220; ul_text_color=&#8220;#000000&#8243; ul_font_size=&#8220;16px&#8220; ul_line_height=&#8220;1.8em&#8220; header_3_font=&#8220;OswaldFinal|600||on|||||&#8220; header_3_font_size=&#8220;19px&#8220; width=&#8220;75%&#8220; width_tablet=&#8220;85%&#8220; width_phone=&#8220;100%&#8220; width_last_edited=&#8220;on|phone&#8220; hover_enabled=&#8220;0&#8243; global_colors_info=&#8220;{}&#8220; sticky_enabled=&#8220;0&#8243;]<\/p>\n<p>Chcete firemn\u00ed akci ve stylu motorsportu, ale motok\u00e1ry pro v\u00e1s nejsou dostate\u010dn\u011b presti\u017en\u00ed? Nab\u00edz\u00edme \u0159e\u0161en\u00ed pro firmy, kter\u00e9 cht\u011bj\u00ed ud\u011blat radost sv\u00fdm zam\u011bstnanc\u016fm \u010di klient\u016fm a uspo\u0159\u00e1dat jim nezapomenuteln\u00fd z\u00e1\u017eitek na z\u00e1vodn\u00edm okruhu. Na\u0161e eventy jsou limitov\u00e1ny pouze va\u0161\u00edm rozpo\u010dtem. Dok\u00e1\u017eeme zorganizovat v\u00fdlety na ty nejzaj\u00edmav\u011bj\u0161\u00ed evropsk\u00e9 okruhy. P\u0159iprav\u00edme spole\u010dn\u011b vybran\u00fd z\u00e1vodn\u00ed okruh, catering, doprovodn\u00fd program a na\u0161i instrukto\u0159i se postaraj\u00ed o va\u0161e klienty ve sportovn\u00edch autech. Firemn\u00ed akce jsou velmi individu\u00e1ln\u00ed slu\u017ebou, a proto nab\u00edz\u00edme dva z\u00e1kladn\u00ed bal\u00ed\u010dky, kter\u00e9 se d\u00e1le specifikuj\u00ed p\u0159esn\u011b dle va\u0161ich p\u0159edstav a pot\u0159eb. Spole\u010dn\u011b vybereme term\u00edn, lokalitu a program na z\u00e1klad\u011b zad\u00e1n\u00ed a po\u010dtu \u00fa\u010dastn\u00edk\u016f.<\/p>\n<p>[\/et_pb_text][et_pb_button button_url=&#8220;https:\/\/www.corners.cz\/o-nas\/#kontakt&#8220; button_text=&#8220;KONTAKTUJTE N\u00c1S&#8220; _builder_version=&#8220;4.6.6&#8243; _module_preset=&#8220;default&#8220; custom_button=&#8220;on&#8220; button_text_size=&#8220;17px&#8220; button_text_color=&#8220;#ffffff&#8220; button_bg_color=&#8220;#ce2026&#8243; button_border_width=&#8220;0px&#8220; button_border_color=&#8220;#ce2026&#8243; button_border_radius=&#8220;0px&#8220; button_letter_spacing=&#8220;2px&#8220; button_font=&#8220;OswaldFinal|||on|||||&#8220; button_use_icon=&#8220;off&#8220; custom_margin=&#8220;52px||||false|false&#8220; custom_padding=&#8220;10px|40px|10px|40px|true|true&#8220; custom_css_before=&#8220;||&#8220; custom_css_main_element=&#8220;box-shadow: inset 0px 0px 0px #1a1f24;||transition: all 0.5s !important;||&#8220; custom_css_after=&#8220;||&#8220; global_colors_info=&#8220;{}&#8220; custom_css_before__hover_enabled=&#8220;on|desktop&#8220; custom_css_main_element__hover_enabled=&#8220;on|hover&#8220; custom_css_main_element__hover=&#8220;box-shadow: inset 240px 0px 0px #1a1f24;||transition: all 0.5s !important;&#8220;][\/et_pb_button][\/et_pb_column][\/et_pb_row][\/et_pb_section][et_pb_section fb_built=&#8220;1&#8243; custom_padding_last_edited=&#8220;on|phone&#8220; _builder_version=&#8220;4.6.6&#8243; _module_preset=&#8220;default&#8220; custom_padding=&#8220;0px||0px||true|false&#8220; custom_padding_tablet=&#8220;&#8220; custom_padding_phone=&#8220;||15%||false|false&#8220; locked=&#8220;off&#8220; global_colors_info=&#8220;{}&#8220;][et_pb_row disabled_on=&#8220;off|off|on&#8220; _builder_version=&#8220;4.6.5&#8243; _module_preset=&#8220;default&#8220; width=&#8220;100%&#8220; custom_padding=&#8220;0px||||false|false&#8220; global_colors_info=&#8220;{}&#8220;][et_pb_column type=&#8220;4_4&#8243; _builder_version=&#8220;4.6.5&#8243; _module_preset=&#8220;default&#8220; global_colors_info=&#8220;{}&#8220;][et_pb_image src=&#8220;https:\/\/www.corners.cz\/wp-content\/uploads\/2020\/10\/Group-168.jpg&#8220; title_text=&#8220;Group 168&#8243; _builder_version=&#8220;4.6.5&#8243; _module_preset=&#8220;default&#8220; global_colors_info=&#8220;{}&#8220;][\/et_pb_image][\/et_pb_column][\/et_pb_row][et_pb_row column_structure=&#8220;1_2,1_2&#8243; use_custom_gutter=&#8220;on&#8220; gutter_width=&#8220;1&#8243; make_equal=&#8220;on&#8220; custom_padding_last_edited=&#8220;on|desktop&#8220; module_class=&#8220;dh-valign-center-row&#8220; _builder_version=&#8220;4.11.3&#8243; _module_preset=&#8220;default&#8220; width=&#8220;100%&#8220; max_width=&#8220;100%&#8220; custom_padding=&#8220;0px||0px||true|false&#8220; custom_padding_tablet=&#8220;||||false|false&#8220; custom_padding_phone=&#8220;&#8220; global_colors_info=&#8220;{}&#8220;][et_pb_column type=&#8220;1_2&#8243; disabled_on=&#8220;on|on|off&#8220; _builder_version=&#8220;4.6.5&#8243; _module_preset=&#8220;default&#8220; background_image=&#8220;https:\/\/www.corners.cz\/wp-content\/uploads\/2020\/10\/Group-168.jpg&#8220; global_colors_info=&#8220;{}&#8220;][\/et_pb_column][et_pb_column type=&#8220;1_2&#8243; _builder_version=&#8220;4.11.3&#8243; _module_preset=&#8220;default&#8220; background_enable_color=&#8220;off&#8220; custom_padding=&#8220;9vh||9vh||true|false&#8220; custom_padding_tablet=&#8220;6vh||6vh||true|false&#8220; custom_padding_phone=&#8220;3vh||3vh||true|false&#8220; custom_padding_last_edited=&#8220;on|phone&#8220; global_colors_info=&#8220;{}&#8220;][et_pb_text _builder_version=&#8220;4.6.5&#8243; _module_preset=&#8220;default&#8220; header_font=&#8220;OswaldFinal|600||on|||||&#8220; header_text_color=&#8220;#1a1f24&#8243; header_font_size=&#8220;38px&#8220; header_letter_spacing=&#8220;1px&#8220; header_line_height=&#8220;1.6em&#8220; custom_padding=&#8220;|||20%|false|false&#8220; custom_padding_tablet=&#8220;|10%||10%|false|true&#8220; custom_padding_phone=&#8220;|||10%|false|false&#8220; custom_padding_last_edited=&#8220;on|phone&#8220; header_line_height_tablet=&#8220;&#8220; header_line_height_phone=&#8220;1.3em&#8220; header_line_height_last_edited=&#8220;on|desktop&#8220; global_colors_info=&#8220;{}&#8220;]<\/p>\n<h1>TrackDay na M\u00cdRU<\/h1>\n<p>[\/et_pb_text][et_pb_text _builder_version=&#8220;4.11.3&#8243; _module_preset=&#8220;default&#8220; text_font=&#8220;Montseratt Regular|300|||||||&#8220; text_text_color=&#8220;#000000&#8243; custom_padding=&#8220;|21%||20%|false|false&#8220; custom_padding_tablet=&#8220;|10%||10%|false|true&#8220; custom_padding_phone=&#8220;|10%||10%|false|true&#8220; custom_padding_last_edited=&#8220;on|phone&#8220; global_colors_info=&#8220;{}&#8220;]<\/p>\n<p>Z\u00e1bavn\u00fd teambuilding s\u202fatmosf\u00e9rou motorsportu. Celodenn\u00ed z\u00e1\u017eitek, o kter\u00e9m si va\u0161i kolegov\u00e9 budou vypr\u00e1v\u011bt je\u0161t\u011b hodn\u011b dlouho. Voln\u00e9 j\u00edzdy na z\u00e1vodn\u00ed trati ve sportovn\u00edch autech nebo formuli. Zajist\u00edme auta, pot\u0159ebn\u00e9 vybaven\u00ed v\u010detn\u011b z\u00e1vodn\u00edho oble\u010den\u00ed a bezpe\u010dnostn\u00edch prvk\u016f. O celou organizaci a bezpe\u010dnost akce se postar\u00e1 n\u00e1\u0161 t\u00fdm zku\u0161en\u00fdch instruktor\u016f. Odv\u00e1\u017en\u00fdm nab\u00eddneme sedadlo spolujezdce p\u0159i adrenalinov\u00fdch taxi j\u00edzd\u00e1ch. Kdo se bude cht\u00edt p\u0159iu\u010dit ovl\u00e1d\u00e1n\u00ed sportovn\u00edho auta dostane plnohodnotn\u00fd kurz v\u010detn\u011b osobn\u00edho instruktora.<\/p>\n<p>[\/et_pb_text][\/et_pb_column][\/et_pb_row][et_pb_row disabled_on=&#8220;off|off|on&#8220; _builder_version=&#8220;4.6.5&#8243; _module_preset=&#8220;default&#8220; width=&#8220;100%&#8220; global_colors_info=&#8220;{}&#8220;][et_pb_column type=&#8220;4_4&#8243; _builder_version=&#8220;4.6.5&#8243; _module_preset=&#8220;default&#8220; global_colors_info=&#8220;{}&#8220;][et_pb_image src=&#8220;https:\/\/www.corners.cz\/wp-content\/uploads\/2020\/10\/Group-167.jpg&#8220; title_text=&#8220;Group 167&#8243; _builder_version=&#8220;4.6.5&#8243; _module_preset=&#8220;default&#8220; global_colors_info=&#8220;{}&#8220;][\/et_pb_image][\/et_pb_column][\/et_pb_row][et_pb_row column_structure=&#8220;1_2,1_2&#8243; use_custom_gutter=&#8220;on&#8220; gutter_width=&#8220;1&#8243; make_equal=&#8220;on&#8220; custom_padding_last_edited=&#8220;on|tablet&#8220; module_class=&#8220;dh-valign-center-row&#8220; _builder_version=&#8220;4.11.3&#8243; _module_preset=&#8220;default&#8220; width=&#8220;100%&#8220; max_width=&#8220;100%&#8220; height_tablet=&#8220;&#8220; height_phone=&#8220;&#8220; height_last_edited=&#8220;on|desktop&#8220; custom_margin_tablet=&#8220;||||false|false&#8220; custom_margin_phone=&#8220;||||false|false&#8220; custom_margin_last_edited=&#8220;on|tablet&#8220; custom_padding=&#8220;0px||0px||true|false&#8220; custom_padding_tablet=&#8220;||||false&#8220; custom_padding_phone=&#8220;&#8220; global_colors_info=&#8220;{}&#8220;][et_pb_column type=&#8220;1_2&#8243; _builder_version=&#8220;4.11.3&#8243; _module_preset=&#8220;default&#8220; background_enable_color=&#8220;off&#8220; custom_padding=&#8220;9vh||9vh||true|false&#8220; custom_padding_tablet=&#8220;6vh||6vh||true|false&#8220; custom_padding_phone=&#8220;3vh||3vh||true|false&#8220; custom_padding_last_edited=&#8220;on|phone&#8220; global_colors_info=&#8220;{}&#8220;][et_pb_text _builder_version=&#8220;4.6.6&#8243; _module_preset=&#8220;default&#8220; header_font=&#8220;OswaldFinal|600||on|||||&#8220; header_text_color=&#8220;#1a1f24&#8243; header_font_size=&#8220;38px&#8220; header_letter_spacing=&#8220;1px&#8220; header_line_height=&#8220;1.6em&#8220; custom_padding=&#8220;|||20%|false|false&#8220; custom_padding_tablet=&#8220;|10%||10%|false|true&#8220; custom_padding_phone=&#8220;|10%||10%|false|true&#8220; custom_padding_last_edited=&#8220;on|phone&#8220; header_line_height_tablet=&#8220;&#8220; header_line_height_phone=&#8220;1.3em&#8220; header_line_height_last_edited=&#8220;on|phone&#8220; global_colors_info=&#8220;{}&#8220;]<\/p>\n<h1>Legend\u00e1rn\u00ed evropsk\u00e9 okruhy<\/h1>\n<p>[\/et_pb_text][et_pb_text _builder_version=&#8220;4.11.3&#8243; _module_preset=&#8220;default&#8220; text_font=&#8220;Montseratt Regular|300|||||||&#8220; text_text_color=&#8220;#000000&#8243; custom_padding=&#8220;|21%||20%|false|false&#8220; custom_padding_tablet=&#8220;|10%||10%|false|false&#8220; custom_padding_phone=&#8220;|10%||10%|false|true&#8220; custom_padding_last_edited=&#8220;on|tablet&#8220; global_colors_info=&#8220;{}&#8220;]<\/p>\n<p>Nezapomenuteln\u00fd v\u00fdlet na\u202fnejzn\u00e1m\u011bj\u0161\u00ed evropsk\u00e9 okruhy. L\u00e1k\u00e1 v\u00e1s Spa-Francorchamps, Monza nebo nejnebezpe\u010dn\u011bj\u0161\u00ed okruh sv\u011bta N\u00fcrburgring p\u0159ezd\u00edvan\u00fd \u201eZelen\u00e9 peklo\u201c? Nordschleife okruhu N\u00fcrburgring je sama o sob\u011b neuv\u011b\u0159iteln\u00fdm z\u00e1\u017eitkem, kter\u00fd dopl\u0148uje v\u0161udyp\u0159\u00edtomn\u00e1 atmosf\u00e9ra historie motorsportu. Klienti si mohou legend\u00e1rn\u00ed tra\u0165 projet v okruhov\u011b upraven\u00e9m Golfu GTI nebo rovnou v Porsche GT3 nebo McLarenu. V\u202fnab\u00eddce jsou jak voln\u00e9 j\u00edzdy, tak lekce s instruktorem. K dispozici je i pron\u00e1jem z\u00e1vodn\u00edch voz\u016f nebo taxi j\u00edzdy s profesion\u00e1ln\u00edmi z\u00e1vodn\u00edmi jezdci.<\/p>\n<p>[\/et_pb_text][\/et_pb_column][et_pb_column type=&#8220;1_2&#8243; disabled_on=&#8220;on|on|off&#8220; _builder_version=&#8220;4.6.5&#8243; _module_preset=&#8220;default&#8220; background_image=&#8220;https:\/\/www.corners.cz\/wp-content\/uploads\/2020\/10\/Group-167.jpg&#8220; global_colors_info=&#8220;{}&#8220;][\/et_pb_column][\/et_pb_row][\/et_pb_section][et_pb_section fb_built=&#8220;1&#8243; _builder_version=&#8220;4.6.5&#8243; _module_preset=&#8220;default&#8220; background_color=&#8220;#ce2026&#8243; locked=&#8220;off&#8220; global_colors_info=&#8220;{}&#8220;][et_pb_row _builder_version=&#8220;4.6.5&#8243; _module_preset=&#8220;default&#8220; width=&#8220;40%&#8220; width_tablet=&#8220;80%&#8220; width_phone=&#8220;80%&#8220; width_last_edited=&#8220;on|tablet&#8220; global_colors_info=&#8220;{}&#8220;][et_pb_column type=&#8220;4_4&#8243; _builder_version=&#8220;4.6.5&#8243; _module_preset=&#8220;default&#8220; global_colors_info=&#8220;{}&#8220;][et_pb_text _builder_version=&#8220;4.6.6&#8243; _module_preset=&#8220;default&#8220; text_font=&#8220;Montseratt Regular||||||||&#8220; text_text_color=&#8220;#ffffff&#8220; header_font=&#8220;OswaldFinal|600||on|||||&#8220; header_text_align=&#8220;center&#8220; header_text_color=&#8220;#ffffff&#8220; text_orientation=&#8220;center&#8220; global_colors_info=&#8220;{}&#8220;]<\/p>\n<h1>Chcete vlastn\u00ed nab\u00eddku?<\/h1>\n<p>Chcete se dozv\u011bd\u011bt v\u00edce informac\u00ed nebo rovnou sestavit individu\u00e1ln\u00ed nab\u00eddku podle va\u0161ich preferenc\u00ed? Kontaktujte n\u00e1\u0161 zku\u0161en\u00fd t\u00fdm.<\/p>\n<p>[\/et_pb_text][et_pb_button button_url=&#8220;https:\/\/www.corners.cz\/o-nas\/#kontakt&#8220; button_text=&#8220;kontaktujte n\u00e1s&#8220; button_alignment=&#8220;center&#8220; _builder_version=&#8220;4.6.5&#8243; _module_preset=&#8220;default&#8220; custom_button=&#8220;on&#8220; button_text_color=&#8220;#ffffff&#8220; button_bg_color=&#8220;#1a1f24&#8243; button_letter_spacing=&#8220;2px&#8220; button_font=&#8220;OswaldFinal||||||||&#8220; button_use_icon=&#8220;off&#8220; custom_margin=&#8220;52px||||false|false&#8220; custom_padding=&#8220;10px|40px|10px|40px|true|true&#8220; button_text_color_last_edited=&#8220;off|desktop&#8220; custom_css_main_element=&#8220;box-shadow: inset 0px 0px 0px #CE2026;transition: all 0.5s !important;&#8220; global_colors_info=&#8220;{}&#8220; button_text_color__hover_enabled=&#8220;on|hover&#8220; custom_css_main_element__hover_enabled=&#8220;on|hover&#8220; custom_css_main_element__hover=&#8220;box-shadow: inset 250px 0px 0px #CE2026&#8243; button_text_color__hover=&#8220;#1a1f24&#8243;][\/et_pb_button][\/et_pb_column][\/et_pb_row][\/et_pb_section]<\/p>\n","protected":false},"excerpt":{"rendered":"<p>pro firmyOkruhov\u00fd den na m\u00edruChcete firemn\u00ed akci ve stylu motorsportu, ale motok\u00e1ry pro v\u00e1s nejsou dostate\u010dn\u011b presti\u017en\u00ed? Nab\u00edz\u00edme \u0159e\u0161en\u00ed pro firmy, kter\u00e9 cht\u011bj\u00ed ud\u011blat radost sv\u00fdm zam\u011bstnanc\u016fm \u010di klient\u016fm a uspo\u0159\u00e1dat jim nezapomenuteln\u00fd z\u00e1\u017eitek na z\u00e1vodn\u00edm okruhu. Na\u0161e eventy jsou limitov\u00e1ny pouze va\u0161\u00edm rozpo\u010dtem. Dok\u00e1\u017eeme zorganizovat v\u00fdlety na ty nejzaj\u00edmav\u011bj\u0161\u00ed evropsk\u00e9 okruhy. P\u0159iprav\u00edme spole\u010dn\u011b vybran\u00fd [&hellip;]<\/p>\n","protected":false},"author":1,"featured_media":0,"parent":0,"menu_order":0,"comment_status":"closed","ping_status":"closed","template":"","meta":{"_et_pb_use_builder":"on","_et_pb_old_content":"","_et_gb_content_width":"","footnotes":""},"difl_page_category":[],"class_list":["post-262","page","type-page","status-publish","hentry"],"yoast_head":"<!-- This site is optimized with the Yoast SEO plugin v27.4 - https:\/\/yoast.com\/product\/yoast-seo-wordpress\/ -->\n<title>Pro firmy - corners.cz<\/title>\n<meta name=\"robots\" content=\"index, follow, max-snippet:-1, max-image-preview:large, max-video-preview:-1\" \/>\n<link rel=\"canonical\" href=\"https:\/\/www.corners.cz\/en\/pro-firmy\/\" \/>\n<meta property=\"og:locale\" content=\"en_GB\" \/>\n<meta property=\"og:type\" content=\"article\" \/>\n<meta property=\"og:title\" content=\"Pro firmy - corners.cz\" \/>\n<meta property=\"og:description\" content=\"pro firmyOkruhov\u00fd den na m\u00edruChcete firemn\u00ed akci ve stylu motorsportu, ale motok\u00e1ry pro v\u00e1s nejsou dostate\u010dn\u011b presti\u017en\u00ed? Nab\u00edz\u00edme \u0159e\u0161en\u00ed pro firmy, kter\u00e9 cht\u011bj\u00ed ud\u011blat radost sv\u00fdm zam\u011bstnanc\u016fm \u010di klient\u016fm a uspo\u0159\u00e1dat jim nezapomenuteln\u00fd z\u00e1\u017eitek na z\u00e1vodn\u00edm okruhu. Na\u0161e eventy jsou limitov\u00e1ny pouze va\u0161\u00edm rozpo\u010dtem. Dok\u00e1\u017eeme zorganizovat v\u00fdlety na ty nejzaj\u00edmav\u011bj\u0161\u00ed evropsk\u00e9 okruhy. P\u0159iprav\u00edme spole\u010dn\u011b vybran\u00fd [&hellip;]\" \/>\n<meta property=\"og:url\" content=\"https:\/\/www.corners.cz\/en\/pro-firmy\/\" \/>\n<meta property=\"og:site_name\" content=\"corners.cz\" \/>\n<meta property=\"article:modified_time\" content=\"2021-11-26T12:46:06+00:00\" \/>\n<meta property=\"og:image\" content=\"https:\/\/www.corners.cz\/wp-content\/uploads\/2020\/11\/NBT05558.jpg\" \/>\n\t<meta property=\"og:image:width\" content=\"1500\" \/>\n\t<meta property=\"og:image:height\" content=\"1000\" \/>\n\t<meta property=\"og:image:type\" content=\"image\/jpeg\" \/>\n<meta name=\"twitter:card\" content=\"summary_large_image\" \/>\n<meta name=\"twitter:label1\" content=\"Estimated reading time\" \/>\n\t<meta name=\"twitter:data1\" content=\"9 minutes\" \/>\n<script type=\"application\/ld+json\" class=\"yoast-schema-graph\">{\"@context\":\"https:\\\/\\\/schema.org\",\"@graph\":[{\"@type\":\"WebPage\",\"@id\":\"https:\\\/\\\/www.corners.cz\\\/pro-firmy\\\/\",\"url\":\"https:\\\/\\\/www.corners.cz\\\/pro-firmy\\\/\",\"name\":\"Pro firmy - corners.cz\",\"isPartOf\":{\"@id\":\"https:\\\/\\\/www.corners.cz\\\/#website\"},\"datePublished\":\"2020-10-17T15:20:17+00:00\",\"dateModified\":\"2021-11-26T12:46:06+00:00\",\"breadcrumb\":{\"@id\":\"https:\\\/\\\/www.corners.cz\\\/pro-firmy\\\/#breadcrumb\"},\"inLanguage\":\"en-GB\",\"potentialAction\":[{\"@type\":\"ReadAction\",\"target\":[\"https:\\\/\\\/www.corners.cz\\\/pro-firmy\\\/\"]}]},{\"@type\":\"BreadcrumbList\",\"@id\":\"https:\\\/\\\/www.corners.cz\\\/pro-firmy\\\/#breadcrumb\",\"itemListElement\":[{\"@type\":\"ListItem\",\"position\":1,\"name\":\"Dom\u016f\",\"item\":\"https:\\\/\\\/www.corners.cz\\\/\"},{\"@type\":\"ListItem\",\"position\":2,\"name\":\"Pro firmy\"}]},{\"@type\":\"WebSite\",\"@id\":\"https:\\\/\\\/www.corners.cz\\\/#website\",\"url\":\"https:\\\/\\\/www.corners.cz\\\/\",\"name\":\"corners.cz\",\"description\":\"Pure driver&#039;s experience.\",\"publisher\":{\"@id\":\"https:\\\/\\\/www.corners.cz\\\/#organization\"},\"potentialAction\":[{\"@type\":\"SearchAction\",\"target\":{\"@type\":\"EntryPoint\",\"urlTemplate\":\"https:\\\/\\\/www.corners.cz\\\/?s={search_term_string}\"},\"query-input\":{\"@type\":\"PropertyValueSpecification\",\"valueRequired\":true,\"valueName\":\"search_term_string\"}}],\"inLanguage\":\"en-GB\"},{\"@type\":\"Organization\",\"@id\":\"https:\\\/\\\/www.corners.cz\\\/#organization\",\"name\":\"corners.cz\",\"url\":\"https:\\\/\\\/www.corners.cz\\\/\",\"logo\":{\"@type\":\"ImageObject\",\"inLanguage\":\"en-GB\",\"@id\":\"https:\\\/\\\/www.corners.cz\\\/#\\\/schema\\\/logo\\\/image\\\/\",\"url\":\"https:\\\/\\\/www.corners.cz\\\/wp-content\\\/uploads\\\/2020\\\/10\\\/Group-152@2x.png\",\"contentUrl\":\"https:\\\/\\\/www.corners.cz\\\/wp-content\\\/uploads\\\/2020\\\/10\\\/Group-152@2x.png\",\"width\":497,\"height\":38,\"caption\":\"corners.cz\"},\"image\":{\"@id\":\"https:\\\/\\\/www.corners.cz\\\/#\\\/schema\\\/logo\\\/image\\\/\"}}]}<\/script>\n<!-- \/ Yoast SEO plugin. -->","yoast_head_json":{"title":"Pro firmy - corners.cz","robots":{"index":"index","follow":"follow","max-snippet":"max-snippet:-1","max-image-preview":"max-image-preview:large","max-video-preview":"max-video-preview:-1"},"canonical":"https:\/\/www.corners.cz\/en\/pro-firmy\/","og_locale":"en_GB","og_type":"article","og_title":"Pro firmy - corners.cz","og_description":"pro firmyOkruhov\u00fd den na m\u00edruChcete firemn\u00ed akci ve stylu motorsportu, ale motok\u00e1ry pro v\u00e1s nejsou dostate\u010dn\u011b presti\u017en\u00ed? Nab\u00edz\u00edme \u0159e\u0161en\u00ed pro firmy, kter\u00e9 cht\u011bj\u00ed ud\u011blat radost sv\u00fdm zam\u011bstnanc\u016fm \u010di klient\u016fm a uspo\u0159\u00e1dat jim nezapomenuteln\u00fd z\u00e1\u017eitek na z\u00e1vodn\u00edm okruhu. Na\u0161e eventy jsou limitov\u00e1ny pouze va\u0161\u00edm rozpo\u010dtem. Dok\u00e1\u017eeme zorganizovat v\u00fdlety na ty nejzaj\u00edmav\u011bj\u0161\u00ed evropsk\u00e9 okruhy. P\u0159iprav\u00edme spole\u010dn\u011b vybran\u00fd [&hellip;]","og_url":"https:\/\/www.corners.cz\/en\/pro-firmy\/","og_site_name":"corners.cz","article_modified_time":"2021-11-26T12:46:06+00:00","og_image":[{"width":1500,"height":1000,"url":"https:\/\/www.corners.cz\/wp-content\/uploads\/2020\/11\/NBT05558.jpg","type":"image\/jpeg"}],"twitter_card":"summary_large_image","twitter_misc":{"Estimated reading time":"9 minutes"},"schema":{"@context":"https:\/\/schema.org","@graph":[{"@type":"WebPage","@id":"https:\/\/www.corners.cz\/pro-firmy\/","url":"https:\/\/www.corners.cz\/pro-firmy\/","name":"Pro firmy - corners.cz","isPartOf":{"@id":"https:\/\/www.corners.cz\/#website"},"datePublished":"2020-10-17T15:20:17+00:00","dateModified":"2021-11-26T12:46:06+00:00","breadcrumb":{"@id":"https:\/\/www.corners.cz\/pro-firmy\/#breadcrumb"},"inLanguage":"en-GB","potentialAction":[{"@type":"ReadAction","target":["https:\/\/www.corners.cz\/pro-firmy\/"]}]},{"@type":"BreadcrumbList","@id":"https:\/\/www.corners.cz\/pro-firmy\/#breadcrumb","itemListElement":[{"@type":"ListItem","position":1,"name":"Dom\u016f","item":"https:\/\/www.corners.cz\/"},{"@type":"ListItem","position":2,"name":"Pro firmy"}]},{"@type":"WebSite","@id":"https:\/\/www.corners.cz\/#website","url":"https:\/\/www.corners.cz\/","name":"corners.cz","description":"Pure driver&#039;s experience.","publisher":{"@id":"https:\/\/www.corners.cz\/#organization"},"potentialAction":[{"@type":"SearchAction","target":{"@type":"EntryPoint","urlTemplate":"https:\/\/www.corners.cz\/?s={search_term_string}"},"query-input":{"@type":"PropertyValueSpecification","valueRequired":true,"valueName":"search_term_string"}}],"inLanguage":"en-GB"},{"@type":"Organization","@id":"https:\/\/www.corners.cz\/#organization","name":"corners.cz","url":"https:\/\/www.corners.cz\/","logo":{"@type":"ImageObject","inLanguage":"en-GB","@id":"https:\/\/www.corners.cz\/#\/schema\/logo\/image\/","url":"https:\/\/www.corners.cz\/wp-content\/uploads\/2020\/10\/Group-152@2x.png","contentUrl":"https:\/\/www.corners.cz\/wp-content\/uploads\/2020\/10\/Group-152@2x.png","width":497,"height":38,"caption":"corners.cz"},"image":{"@id":"https:\/\/www.corners.cz\/#\/schema\/logo\/image\/"}}]}},"_links":{"self":[{"href":"https:\/\/www.corners.cz\/en\/wp-json\/wp\/v2\/pages\/262","targetHints":{"allow":["GET"]}}],"collection":[{"href":"https:\/\/www.corners.cz\/en\/wp-json\/wp\/v2\/pages"}],"about":[{"href":"https:\/\/www.corners.cz\/en\/wp-json\/wp\/v2\/types\/page"}],"author":[{"embeddable":true,"href":"https:\/\/www.corners.cz\/en\/wp-json\/wp\/v2\/users\/1"}],"replies":[{"embeddable":true,"href":"https:\/\/www.corners.cz\/en\/wp-json\/wp\/v2\/comments?post=262"}],"version-history":[{"count":7,"href":"https:\/\/www.corners.cz\/en\/wp-json\/wp\/v2\/pages\/262\/revisions"}],"predecessor-version":[{"id":248735,"href":"https:\/\/www.corners.cz\/en\/wp-json\/wp\/v2\/pages\/262\/revisions\/248735"}],"wp:attachment":[{"href":"https:\/\/www.corners.cz\/en\/wp-json\/wp\/v2\/media?parent=262"}],"wp:term":[{"taxonomy":"difl_page_category","embeddable":true,"href":"https:\/\/www.corners.cz\/en\/wp-json\/wp\/v2\/difl_page_category?post=262"}],"curies":[{"name":"wp","href":"https:\/\/api.w.org\/{rel}","templated":true}]}}