{"id":248638,"date":"2021-11-24T20:25:29","date_gmt":"2021-11-24T20:25:29","guid":{"rendered":"https:\/\/www.corners.cz\/?page_id=248638"},"modified":"2022-07-25T14:00:27","modified_gmt":"2022-07-25T13:00:27","slug":"temp_shop","status":"publish","type":"page","link":"https:\/\/www.corners.cz\/en\/temp_shop\/","title":{"rendered":"temp_SHOP"},"content":{"rendered":"<p>[et_pb_section fb_built=&#8220;1&#8243; fullwidth=&#8220;on&#8220; _builder_version=&#8220;4.17.6&#8243; _module_preset=&#8220;default&#8220; background_enable_color=&#8220;off&#8220; background_enable_video_mp4=&#8220;off&#8220; global_colors_info=&#8220;{}&#8220;][et_pb_fullwidth_slider _builder_version=&#8220;4.17.6&#8243; _module_preset=&#8220;default&#8220; hover_enabled=&#8220;0&#8243; global_colors_info=&#8220;{}&#8220; sticky_enabled=&#8220;0&#8243;][et_pb_slide heading=&#8220;Pure Driver&#8217;s Experience&#8220; button_text=&#8220;Poje\u010fte s n\u00e1mi&#8220; use_bg_overlay=&#8220;on&#8220; bg_overlay_color=&#8220;rgba(0,0,0,0.44)&#8220; _builder_version=&#8220;4.17.6&#8243; _module_preset=&#8220;default&#8220; header_font=&#8220;OswaldFinal|700||on|||||&#8220; header_font_size=&#8220;5.4vw&#8220; background_color=&#8220;RGBA(255,255,255,0)&#8220; background_enable_color=&#8220;on&#8220; background_video_mp4=&#8220;https:\/\/www.corners.cz\/wp-content\/uploads\/2022\/07\/trackdays-promo1.mp4&#8243; background_enable_video_mp4=&#8220;on&#8220; global_colors_info=&#8220;{}&#8220; sticky_transition=&#8220;on&#8220;][\/et_pb_slide][et_pb_slide heading=&#8220;Nov\u00fd blog&#8220; button_text=&#8220;Kliknut\u00ed&#8220; _builder_version=&#8220;4.17.6&#8243; _module_preset=&#8220;default&#8220; hover_enabled=&#8220;0&#8243; global_colors_info=&#8220;{}&#8220; sticky_transition=&#8220;on&#8220; title_text=&#8220;Group 415&#8243; image=&#8220;https:\/\/www.corners.cz\/wp-content\/uploads\/2022\/05\/Group-415-1.jpg&#8220; sticky_enabled=&#8220;0&#8243;]<\/p>\n<p>Your content goes here. Edit or remove this text inline or in the module Content settings. You can also style every aspect of this content in the module Design settings and even apply custom CSS to this text in the module Advanced settings.<\/p>\n<p>[\/et_pb_slide][\/et_pb_fullwidth_slider][\/et_pb_section][et_pb_section fb_built=&#8220;1&#8243; custom_padding_last_edited=&#8220;on|phone&#8220; _builder_version=&#8220;4.16&#8243; _module_preset=&#8220;default&#8220; background_color=&#8220;#1A1F24&#8243; background_color_gradient_start=&#8220;rgba(26,31,36,0)&#8220; background_color_gradient_end=&#8220;#1a1f24&#8243; background_enable_image=&#8220;off&#8220; background_blend=&#8220;darken&#8220; height=&#8220;300px&#8220; height_tablet=&#8220;&#8220; height_phone=&#8220;&#8220; height_last_edited=&#8220;on|phone&#8220; custom_margin=&#8220;||||false|false&#8220; custom_padding=&#8220;0px||||false|false&#8220; custom_padding_tablet=&#8220;||||false|false&#8220; custom_padding_phone=&#8220;||||false|false&#8220; locked=&#8220;off&#8220; global_colors_info=&#8220;{}&#8220;][et_pb_row custom_padding_last_edited=&#8220;on|phone&#8220; _builder_version=&#8220;4.16&#8243; _module_preset=&#8220;default&#8220; width=&#8220;100%&#8220; max_width=&#8220;2560px&#8220; custom_padding=&#8220;0px|0px|0px|0px|true|true&#8220; custom_padding_tablet=&#8220;&#8220; custom_padding_phone=&#8220;&#8220; locked=&#8220;off&#8220; global_colors_info=&#8220;{}&#8220;][et_pb_column type=&#8220;4_4&#8243; _builder_version=&#8220;4.16&#8243; _module_preset=&#8220;default&#8220; global_colors_info=&#8220;{}&#8220;][et_pb_text module_id=&#8220;fontika&#8220; _builder_version=&#8220;4.16&#8243; _module_preset=&#8220;default&#8220; header_font=&#8220;|||on|||||&#8220; header_text_align=&#8220;center&#8220; header_text_color=&#8220;#000000&#8243; header_font_size=&#8220;17vw&#8220; header_line_height=&#8220;0.9em&#8220; custom_margin=&#8220;0px|0px|0px|0px|true|true&#8220; custom_padding=&#8220;0px|0px|0px|0px|true|true&#8220; header_font_size_tablet=&#8220;17vw&#8220; header_font_size_phone=&#8220;16vw&#8220; header_font_size_last_edited=&#8220;on|phone&#8220; custom_css_main_element=&#8220;color: white;||  -webkit-text-fill-color: rgba(255,255,255,0); \/* Will override color (regardless of order) *\/||  -webkit-text-stroke-width: 1px;||  -webkit-text-stroke-color: rgb(255,255,255);&#8220; global_colors_info=&#8220;{}&#8220;]<\/p>\n<h1>LEADERBOARD<\/h1>\n<p>[\/et_pb_text][\/et_pb_column][\/et_pb_row][\/et_pb_section][et_pb_section fb_built=&#8220;1&#8243; _builder_version=&#8220;4.16&#8243; _module_preset=&#8220;default&#8220; background_color=&#8220;#1a1f24&#8243; custom_padding=&#8220;||0px||false|false&#8220; saved_tabs=&#8220;all&#8220; locked=&#8220;off&#8220; global_colors_info=&#8220;{}&#8220;][et_pb_row _builder_version=&#8220;4.16&#8243; _module_preset=&#8220;default&#8220; max_width=&#8220;2560px&#8220; custom_padding=&#8220;0px||||false|false&#8220; locked=&#8220;off&#8220; global_colors_info=&#8220;{}&#8220;][et_pb_column type=&#8220;4_4&#8243; _builder_version=&#8220;4.16&#8243; _module_preset=&#8220;default&#8220; global_colors_info=&#8220;{}&#8220;][et_pb_text _builder_version=&#8220;4.16&#8243; _module_preset=&#8220;default&#8220; header_2_font=&#8220;OswaldFinal|700||on|||||&#8220; header_2_text_color=&#8220;#FFFFFF&#8220; header_2_font_size=&#8220;35px&#8220; custom_margin=&#8220;||0px||false|false&#8220; custom_padding=&#8220;||0px||false|false&#8220; global_colors_info=&#8220;{}&#8220;]<\/p>\n<h2>Autodrom <span style=\"color: #ce2026;\">Most<\/span><\/h2>\n<p>[\/et_pb_text][et_pb_text _builder_version=&#8220;4.16&#8243; _module_preset=&#8220;default&#8220; text_font=&#8220;Montserrat||||||||&#8220; text_text_color=&#8220;#FFFFFF&#8220; ul_font=&#8220;Montseratt Regular||||||||&#8220; ul_text_color=&#8220;#000000&#8243; ul_font_size=&#8220;16px&#8220; ul_line_height=&#8220;1.8em&#8220; header_3_font=&#8220;OswaldFinal|600||on|||||&#8220; header_3_font_size=&#8220;19px&#8220; width=&#8220;51%&#8220; width_tablet=&#8220;80%&#8220; width_phone=&#8220;100%&#8220; width_last_edited=&#8220;on|phone&#8220; global_colors_info=&#8220;{}&#8220;]<\/p>\n<p>Zde najdete \u010dasy m\u011b\u0159en\u00e9 ofici\u00e1ln\u00edmi transpond\u00e9ry syst\u00e9mu MyLaps. V tabulce m\u016f\u017eete vyhled\u00e1vat podle zna\u010dky vozu nebo t\u0159eba typu pneu, abyste si mohli ud\u011blat p\u0159ehled o nejlep\u0161\u00edch \u010dasech.<\/p>\n<p>[\/et_pb_text][\/et_pb_column][\/et_pb_row][\/et_pb_section][et_pb_section fb_built=&#8220;1&#8243; _builder_version=&#8220;4.16&#8243; _module_preset=&#8220;default&#8220; background_color=&#8220;#1A1F24&#8243; global_colors_info=&#8220;{}&#8220;][et_pb_row _builder_version=&#8220;4.16&#8243; _module_preset=&#8220;default&#8220; width=&#8220;90%&#8220; max_width=&#8220;1560px&#8220; module_alignment=&#8220;center&#8220; global_colors_info=&#8220;{}&#8220;][et_pb_column type=&#8220;4_4&#8243; _builder_version=&#8220;4.16&#8243; _module_preset=&#8220;default&#8220; global_colors_info=&#8220;{}&#8220;][difl_advanced_data_table table_type=&#8220;import_table&#8220; import_table_data=&#8220;\u23f1\ufe0fTIME,DRIVER,CAR,MY,PNEU,GEARBOX,WEATHER,TRACKDAY,IG HANDLE<br \/>\n1:46.245,Veebee,Porsche GT3 RS,2018,Michelin Cup 2,auto,\u2600\ufe0f23\u00b0C,1.9.2021,@vendeli.veebee<br \/>\n1:50.305,Ruda,Porsche Cayman GT4,2016,Dunlop,manual,\u2600\ufe0f23\u00b0C,1.9.2021,@rudii76<br \/>\n1:50.938,Mike95,Seat Leon Cupra,2017,Michelin Cup 2,auto,\u2600\ufe0f13\u00b0C,31.10.2021,<br \/>\n1:51.410,Mates,Porsche Cayman GTS,2018,Trofeo R,manual, \u2601\ufe0f6\u00b0C,13.11.2021,<br \/>\n1:51.973,Vl\u010d\u00e1k,AMG C63S,2018,,auto, \u2601\ufe0f6\u00b0C,13.11.2021,<br \/>\n1:52.879,Honza \u010cervenka,Caterham,,,sequential,\u2600\ufe0f23\u00b0C,1.9.2021,@jancervenka_novinar<br \/>\n1:53.917,Petr V\u011btvinsk\u00fd,Tesla Model 3,2019,Michelin slick,,\u2600\ufe0f23\u00b0C,1.9.2021,@petrvetvinsky<br \/>\n1:54.447,David H.,Lotus Exige,,,,\u2600\ufe0f23\u00b0C,1.9.2021,<br \/>\n1:55.591,Jagy,Toyota Yaris GR,2021,Michelin PS4 S,manual, \u2601\ufe0f6\u00b0C,13.11.2021,@jagymeister<br \/>\n1:56.478,100octanecz,Toyota Yaris GR,2021,Michelin PS4 S,manual, \u2601\ufe0f6\u00b0C,13.11.2021,<br \/>\n1:57.281,Radek Koch,Lotus Exige 410,2019,Trofeo R,manual,\u2600\ufe0f23\u00b0C,1.9.2021,<br \/>\n1:57.479,Zden\u011bk N.,Toyota Yaris GR,2021,Michelin PS4 S,manual, \u2601\ufe0f6\u00b0C,13.11.2021,<br \/>\n1:59.466,V\u00e1clav T.,BMW M3,2016,Dunlop,manual,\u2600\ufe0f13\u00b0C,31.10.2021,<br \/>\n2:01.073,Milan25,Toyota Yaris GR,2021,Michelin PS4 S,manual, \u2601\ufe0f6\u00b0C,13.11.2021,<br \/>\n2:01.873,Tibor \u010c.,Corvette,2017,Michelin Super Sport,auto,\u2600\ufe0f13\u00b0C,31.10.2021,@tib_cz<br \/>\n2:02.663,003VALCE,Toyota Yaris GR,2021,Michelin PS4 S,manual, \u2601\ufe0f6\u00b0C,13.11.2021,@gryariscz<br \/>\n2:08.105,VIKISVOT,Toyota GT86,2013,,manual, \u2601\ufe0f6\u00b0C,13.11.2021,@vikisvot<br \/>\n2:11.285,Jakub,Ford Focus 1.0,,Michelin PS4,manual,\u2600\ufe0f13\u00b0C,31.10.2021,@jakub_on_dracek<br \/>\n2:20.878,Jakub,VW Polo 1.2 HTP,2010,Toyo R888R,auto,\u2600\ufe0f13\u00b0C,31.10.2021,@sicjakub<br \/>\n2:04.470,Vl\u010d\u00e1k,E46 328ci,,Potenza RE070,manual,\u2600\ufe0f8\u00b0C,13.3.2022,@martinborec<br \/>\n2:18.693,Vlastimil,E87 130i,2006,,,\u2600\ufe0f8\u00b0C,13.3.2022,<br \/>\n1:56.879,Tom\u00e1\u0161 Adamec,M340i,2019,Michelin PS4,auto ,\u2600\ufe0f8\u00b0C,13.3.2022,@tadamec1988<br \/>\n1:56.488,Blecha Jan,i30 N,2022,Trofeo R,manual,\u2600\ufe0f8\u00b0C,13.3.2022,@honzablecha90<br \/>\n1:56.477,V\u011btvinsk\u00fd Petr,KTM X-Bow,2020,Michelin PS4,auto,\u2600\ufe0f8\u00b0C,13.3.2022,<br \/>\n2:08.356,\u0160imon\u00edk Zden\u011bk,Alfa Romeo 155,1995,R888,manual,\u2600\ufe0f8\u00b0C,13.3.2022,<br \/>\n1:50.833,Robbie Rutkowski,Camaro SS 1LE,2017,Nankang AR-1,manual,\u2600\ufe0f8\u00b0C,13.3.2022,@robbie_racing<br \/>\n1:48.403,\u0160ebesta Petr,Lotus Exige 420,2021,Michelin Cup2,manual,\u2600\ufe0f8\u00b0C,13.3.2022,@exige420_stories<br \/>\n2:15.306,Svoboda Robert,Fabia RS,2012,,auto ,\u2600\ufe0f8\u00b0C,13.3.2022,@v6_brera<br \/>\n2:03.289,Krosnic,Fiesta ST,2020,Hankook,manual,\u2600\ufe0f8\u00b0C,13.3.2022,<br \/>\n2:02.291,Koty78,VW Arteon R,2021,,auto,\u2600\ufe0f8\u00b0C,13.3.2022,&#8220; adt_paging=&#8220;off&#8220; adt_order=&#8220;on&#8220; sorting_icon_color=&#8220;#B9B9B9&#8243; adt_info=&#8220;off&#8220; search_input_background_bgcolor=&#8220;#000000&#8243; table_background_bgcolor=&#8220;#000000&#8243; head_background_bgcolor=&#8220;#000000&#8243; row_background_bgcolor=&#8220;RGBA(255,255,255,0)&#8220; row_odd_background_bgcolor=&#8220;#1A1F24&#8243; row_even_background_bgcolor=&#8220;#000000&#8243; search_padding=&#8220;|20px|15px||false|false&#8220; head_cell_padding=&#8220;||||false|false&#8220; body_cell_padding=&#8220;10px||10px||true|false&#8220; icon_color=&#8220;#CE2026&#8243; search_padding_tablet=&#8220;|20px|15px||false|false&#8220; search_padding_phone=&#8220;|0px|||false|false&#8220; search_padding_last_edited=&#8220;on|phone&#8220; body_cell_padding_tablet=&#8220;15px||15px||true|false&#8220; body_cell_padding_phone=&#8220;20px||20px||true|false&#8220; body_cell_padding_last_edited=&#8220;on|phone&#8220; _builder_version=&#8220;4.16&#8243; _module_preset=&#8220;default&#8220; head_text_font=&#8220;OswaldFinal|||on|||||&#8220; head_text_text_color=&#8220;#B9B9B9&#8243; head_text_letter_spacing=&#8220;1px&#8220; row_text_font=&#8220;Montseratt Regular||||||||&#8220; row_text_text_color=&#8220;#F2F2F2&#8243; row_text_line_height=&#8220;1.5em&#8220; no_match_text_font=&#8220;Montseratt Regular||||||||&#8220; no_match_text_text_color=&#8220;#B9B9B9&#8243; search_lebel_text_font=&#8220;Montseratt Regular||||||||&#8220; search_lebel_text_text_color=&#8220;#FFFFFF&#8220; search_input_text_font=&#8220;Montseratt Regular||||||||&#8220; search_input_text_text_color=&#8220;#FFFFFF&#8220; info_text_text_color=&#8220;#FFFFFF&#8220; background_color=&#8220;#000000&#8243; custom_padding=&#8220;20px||||false|false&#8220; row_text_line_height_tablet=&#8220;1.5em&#8220; row_text_line_height_phone=&#8220;1.5em&#8220; row_text_line_height_last_edited=&#8220;on|desktop&#8220; border_width_all_table_border=&#8220;0px&#8220; border_color_all_table_border=&#8220;#000000&#8243; border_width_all_row_border=&#8220;0px&#8220; border_width_bottom_row_border=&#8220;0px&#8220; border_color_bottom_row_border=&#8220;#7A7A7A&#8220; border_color_all_search_input_border=&#8220;#7A7A7A&#8220; global_colors_info=&#8220;{}&#8220; row_odd_background_bgcolor__hover_enabled=&#8220;on|hover&#8220; row_odd_background_bgcolor__hover=&#8220;rgba(183,27,32,0.27)&#8220; row_even_background_bgcolor__hover_enabled=&#8220;on|hover&#8220; row_even_background_bgcolor__hover=&#8220;rgba(183,27,32,0.27)&#8220;][\/difl_advanced_data_table][\/et_pb_column][\/et_pb_row][\/et_pb_section]<\/p>\n","protected":false},"excerpt":{"rendered":"<p>Your content goes here. Edit or remove this text inline or in the module Content settings. You can also style every aspect of this content in the module Design settings and even apply custom CSS to this text in the module Advanced settings.LEADERBOARDAutodrom MostZde najdete \u010dasy m\u011b\u0159en\u00e9 ofici\u00e1ln\u00edmi transpond\u00e9ry syst\u00e9mu MyLaps. V tabulce m\u016f\u017eete vyhled\u00e1vat [&hellip;]<\/p>\n","protected":false},"author":1,"featured_media":0,"parent":0,"menu_order":0,"comment_status":"closed","ping_status":"closed","template":"","meta":{"_et_pb_use_builder":"on","_et_pb_old_content":"","_et_gb_content_width":"","footnotes":""},"difl_page_category":[],"class_list":["post-248638","page","type-page","status-publish","hentry"],"yoast_head":"<!-- This site is optimized with the Yoast SEO plugin v27.4 - https:\/\/yoast.com\/product\/yoast-seo-wordpress\/ -->\n<title>temp_SHOP - corners.cz<\/title>\n<meta name=\"robots\" content=\"index, follow, max-snippet:-1, max-image-preview:large, max-video-preview:-1\" \/>\n<link rel=\"canonical\" href=\"https:\/\/www.corners.cz\/en\/temp_shop\/\" \/>\n<meta property=\"og:locale\" content=\"en_GB\" \/>\n<meta property=\"og:type\" content=\"article\" \/>\n<meta property=\"og:title\" content=\"temp_SHOP - corners.cz\" \/>\n<meta property=\"og:description\" content=\"Your content goes here. Edit or remove this text inline or in the module Content settings. You can also style every aspect of this content in the module Design settings and even apply custom CSS to this text in the module Advanced settings.LEADERBOARDAutodrom MostZde najdete \u010dasy m\u011b\u0159en\u00e9 ofici\u00e1ln\u00edmi transpond\u00e9ry syst\u00e9mu MyLaps. V tabulce m\u016f\u017eete vyhled\u00e1vat [&hellip;]\" \/>\n<meta property=\"og:url\" content=\"https:\/\/www.corners.cz\/en\/temp_shop\/\" \/>\n<meta property=\"og:site_name\" content=\"corners.cz\" \/>\n<meta property=\"article:modified_time\" content=\"2022-07-25T13:00:27+00:00\" \/>\n<meta property=\"og:image\" content=\"https:\/\/www.corners.cz\/wp-content\/uploads\/2020\/11\/NBT05558.jpg\" \/>\n\t<meta property=\"og:image:width\" content=\"1500\" \/>\n\t<meta property=\"og:image:height\" content=\"1000\" \/>\n\t<meta property=\"og:image:type\" content=\"image\/jpeg\" \/>\n<meta name=\"twitter:card\" content=\"summary_large_image\" \/>\n<meta name=\"twitter:label1\" content=\"Estimated reading time\" \/>\n\t<meta name=\"twitter:data1\" content=\"9 minutes\" \/>\n<script type=\"application\/ld+json\" class=\"yoast-schema-graph\">{\"@context\":\"https:\\\/\\\/schema.org\",\"@graph\":[{\"@type\":\"WebPage\",\"@id\":\"https:\\\/\\\/www.corners.cz\\\/temp_shop\\\/\",\"url\":\"https:\\\/\\\/www.corners.cz\\\/temp_shop\\\/\",\"name\":\"temp_SHOP - corners.cz\",\"isPartOf\":{\"@id\":\"https:\\\/\\\/www.corners.cz\\\/#website\"},\"datePublished\":\"2021-11-24T20:25:29+00:00\",\"dateModified\":\"2022-07-25T13:00:27+00:00\",\"breadcrumb\":{\"@id\":\"https:\\\/\\\/www.corners.cz\\\/temp_shop\\\/#breadcrumb\"},\"inLanguage\":\"en-GB\",\"potentialAction\":[{\"@type\":\"ReadAction\",\"target\":[\"https:\\\/\\\/www.corners.cz\\\/temp_shop\\\/\"]}]},{\"@type\":\"BreadcrumbList\",\"@id\":\"https:\\\/\\\/www.corners.cz\\\/temp_shop\\\/#breadcrumb\",\"itemListElement\":[{\"@type\":\"ListItem\",\"position\":1,\"name\":\"Dom\u016f\",\"item\":\"https:\\\/\\\/www.corners.cz\\\/\"},{\"@type\":\"ListItem\",\"position\":2,\"name\":\"temp_SHOP\"}]},{\"@type\":\"WebSite\",\"@id\":\"https:\\\/\\\/www.corners.cz\\\/#website\",\"url\":\"https:\\\/\\\/www.corners.cz\\\/\",\"name\":\"corners.cz\",\"description\":\"Pure driver&#039;s experience.\",\"publisher\":{\"@id\":\"https:\\\/\\\/www.corners.cz\\\/#organization\"},\"potentialAction\":[{\"@type\":\"SearchAction\",\"target\":{\"@type\":\"EntryPoint\",\"urlTemplate\":\"https:\\\/\\\/www.corners.cz\\\/?s={search_term_string}\"},\"query-input\":{\"@type\":\"PropertyValueSpecification\",\"valueRequired\":true,\"valueName\":\"search_term_string\"}}],\"inLanguage\":\"en-GB\"},{\"@type\":\"Organization\",\"@id\":\"https:\\\/\\\/www.corners.cz\\\/#organization\",\"name\":\"corners.cz\",\"url\":\"https:\\\/\\\/www.corners.cz\\\/\",\"logo\":{\"@type\":\"ImageObject\",\"inLanguage\":\"en-GB\",\"@id\":\"https:\\\/\\\/www.corners.cz\\\/#\\\/schema\\\/logo\\\/image\\\/\",\"url\":\"https:\\\/\\\/www.corners.cz\\\/wp-content\\\/uploads\\\/2020\\\/10\\\/Group-152@2x.png\",\"contentUrl\":\"https:\\\/\\\/www.corners.cz\\\/wp-content\\\/uploads\\\/2020\\\/10\\\/Group-152@2x.png\",\"width\":497,\"height\":38,\"caption\":\"corners.cz\"},\"image\":{\"@id\":\"https:\\\/\\\/www.corners.cz\\\/#\\\/schema\\\/logo\\\/image\\\/\"}}]}<\/script>\n<!-- \/ Yoast SEO plugin. -->","yoast_head_json":{"title":"temp_SHOP - corners.cz","robots":{"index":"index","follow":"follow","max-snippet":"max-snippet:-1","max-image-preview":"max-image-preview:large","max-video-preview":"max-video-preview:-1"},"canonical":"https:\/\/www.corners.cz\/en\/temp_shop\/","og_locale":"en_GB","og_type":"article","og_title":"temp_SHOP - corners.cz","og_description":"Your content goes here. Edit or remove this text inline or in the module Content settings. You can also style every aspect of this content in the module Design settings and even apply custom CSS to this text in the module Advanced settings.LEADERBOARDAutodrom MostZde najdete \u010dasy m\u011b\u0159en\u00e9 ofici\u00e1ln\u00edmi transpond\u00e9ry syst\u00e9mu MyLaps. V tabulce m\u016f\u017eete vyhled\u00e1vat [&hellip;]","og_url":"https:\/\/www.corners.cz\/en\/temp_shop\/","og_site_name":"corners.cz","article_modified_time":"2022-07-25T13:00:27+00:00","og_image":[{"width":1500,"height":1000,"url":"https:\/\/www.corners.cz\/wp-content\/uploads\/2020\/11\/NBT05558.jpg","type":"image\/jpeg"}],"twitter_card":"summary_large_image","twitter_misc":{"Estimated reading time":"9 minutes"},"schema":{"@context":"https:\/\/schema.org","@graph":[{"@type":"WebPage","@id":"https:\/\/www.corners.cz\/temp_shop\/","url":"https:\/\/www.corners.cz\/temp_shop\/","name":"temp_SHOP - corners.cz","isPartOf":{"@id":"https:\/\/www.corners.cz\/#website"},"datePublished":"2021-11-24T20:25:29+00:00","dateModified":"2022-07-25T13:00:27+00:00","breadcrumb":{"@id":"https:\/\/www.corners.cz\/temp_shop\/#breadcrumb"},"inLanguage":"en-GB","potentialAction":[{"@type":"ReadAction","target":["https:\/\/www.corners.cz\/temp_shop\/"]}]},{"@type":"BreadcrumbList","@id":"https:\/\/www.corners.cz\/temp_shop\/#breadcrumb","itemListElement":[{"@type":"ListItem","position":1,"name":"Dom\u016f","item":"https:\/\/www.corners.cz\/"},{"@type":"ListItem","position":2,"name":"temp_SHOP"}]},{"@type":"WebSite","@id":"https:\/\/www.corners.cz\/#website","url":"https:\/\/www.corners.cz\/","name":"corners.cz","description":"Pure driver&#039;s experience.","publisher":{"@id":"https:\/\/www.corners.cz\/#organization"},"potentialAction":[{"@type":"SearchAction","target":{"@type":"EntryPoint","urlTemplate":"https:\/\/www.corners.cz\/?s={search_term_string}"},"query-input":{"@type":"PropertyValueSpecification","valueRequired":true,"valueName":"search_term_string"}}],"inLanguage":"en-GB"},{"@type":"Organization","@id":"https:\/\/www.corners.cz\/#organization","name":"corners.cz","url":"https:\/\/www.corners.cz\/","logo":{"@type":"ImageObject","inLanguage":"en-GB","@id":"https:\/\/www.corners.cz\/#\/schema\/logo\/image\/","url":"https:\/\/www.corners.cz\/wp-content\/uploads\/2020\/10\/Group-152@2x.png","contentUrl":"https:\/\/www.corners.cz\/wp-content\/uploads\/2020\/10\/Group-152@2x.png","width":497,"height":38,"caption":"corners.cz"},"image":{"@id":"https:\/\/www.corners.cz\/#\/schema\/logo\/image\/"}}]}},"_links":{"self":[{"href":"https:\/\/www.corners.cz\/en\/wp-json\/wp\/v2\/pages\/248638","targetHints":{"allow":["GET"]}}],"collection":[{"href":"https:\/\/www.corners.cz\/en\/wp-json\/wp\/v2\/pages"}],"about":[{"href":"https:\/\/www.corners.cz\/en\/wp-json\/wp\/v2\/types\/page"}],"author":[{"embeddable":true,"href":"https:\/\/www.corners.cz\/en\/wp-json\/wp\/v2\/users\/1"}],"replies":[{"embeddable":true,"href":"https:\/\/www.corners.cz\/en\/wp-json\/wp\/v2\/comments?post=248638"}],"version-history":[{"count":44,"href":"https:\/\/www.corners.cz\/en\/wp-json\/wp\/v2\/pages\/248638\/revisions"}],"predecessor-version":[{"id":250147,"href":"https:\/\/www.corners.cz\/en\/wp-json\/wp\/v2\/pages\/248638\/revisions\/250147"}],"wp:attachment":[{"href":"https:\/\/www.corners.cz\/en\/wp-json\/wp\/v2\/media?parent=248638"}],"wp:term":[{"taxonomy":"difl_page_category","embeddable":true,"href":"https:\/\/www.corners.cz\/en\/wp-json\/wp\/v2\/difl_page_category?post=248638"}],"curies":[{"name":"wp","href":"https:\/\/api.w.org\/{rel}","templated":true}]}}