{"id":248378,"date":"2021-11-05T07:11:25","date_gmt":"2021-11-05T07:11:25","guid":{"rendered":"https:\/\/www.corners.cz\/?page_id=248378"},"modified":"2026-03-08T13:50:57","modified_gmt":"2026-03-08T13:50:57","slug":"pravidla-sosnova","status":"publish","type":"page","link":"https:\/\/www.corners.cz\/en\/pravidla-sosnova\/","title":{"rendered":"Pravidla v Sosnov\u00e9"},"content":{"rendered":"<p>[et_pb_section fb_built=&#8220;1&#8243; _builder_version=&#8220;4.16&#8243; _module_preset=&#8220;default&#8220; background_color=&#8220;#1A1F24&#8243; background_color_gradient_direction=&#8220;270deg&#8220; background_enable_image=&#8220;off&#8220; min_height_tablet=&#8220;&#8220; min_height_phone=&#8220;&#8220; min_height_last_edited=&#8220;on|phone&#8220; custom_margin=&#8220;||||false|false&#8220; custom_margin_tablet=&#8220;-7.1%||||false|false&#8220; custom_margin_phone=&#8220;-11.6%||||false|false&#8220; custom_margin_last_edited=&#8220;on|phone&#8220; custom_padding=&#8220;0px||||false|false&#8220; locked=&#8220;off&#8220; global_colors_info=&#8220;{}&#8220;][et_pb_row _builder_version=&#8220;4.16&#8243; _module_preset=&#8220;default&#8220; custom_margin=&#8220;0px||||false|false&#8220; global_colors_info=&#8220;{}&#8220;][et_pb_column type=&#8220;4_4&#8243; _builder_version=&#8220;4.16&#8243; _module_preset=&#8220;default&#8220; global_colors_info=&#8220;{}&#8220;][et_pb_text _builder_version=&#8220;4.16&#8243; _module_preset=&#8220;default&#8220; header_font=&#8220;OswaldFinal|600||on|||||&#8220; header_text_color=&#8220;#FFFFFF&#8220; header_font_size=&#8220;80px&#8220; header_font_size_tablet=&#8220;&#8220; header_font_size_phone=&#8220;60px&#8220; header_font_size_last_edited=&#8220;on|tablet&#8220; header_line_height_tablet=&#8220;1.1em&#8220; header_line_height_phone=&#8220;&#8220; header_line_height_last_edited=&#8220;on|phone&#8220; global_colors_info=&#8220;{}&#8220;]<\/p>\n<h1>PRAVIDLA SOSNOV\u00c1<\/h1>\n<p>[\/et_pb_text][\/et_pb_column][\/et_pb_row][\/et_pb_section][et_pb_section fb_built=&#8220;1&#8243; _builder_version=&#8220;4.16&#8243; custom_padding=&#8220;||0px||false|false&#8220; global_colors_info=&#8220;{}&#8220;][et_pb_row custom_padding_last_edited=&#8220;on|phone&#8220; _builder_version=&#8220;4.16&#8243; width_tablet=&#8220;&#8220; width_phone=&#8220;90%&#8220; width_last_edited=&#8220;on|phone&#8220; custom_padding=&#8220;||||false|true&#8220; custom_padding_tablet=&#8220;|3%||3%|false|true&#8220; custom_padding_phone=&#8220;&#8220; global_colors_info=&#8220;{}&#8220;][et_pb_column type=&#8220;4_4&#8243; _builder_version=&#8220;4.16&#8243; global_colors_info=&#8220;{}&#8220;][et_pb_text _builder_version=&#8220;4.16&#8243; text_font=&#8220;Montseratt SemiBold|600|||||||&#8220; text_text_color=&#8220;#000000&#8243; text_font_size=&#8220;18px&#8220; text_line_height=&#8220;1.8em&#8220; locked=&#8220;off&#8220; global_colors_info=&#8220;{}&#8220;]<\/p>\n<p>Pravidla pro j\u00edzdu na z\u00e1vodn\u00edm okruhu se mohou v\u00fdrazn\u011b li\u0161it. Co je na jedn\u00e9 trati b\u011b\u017en\u00e9, m\u016f\u017ee na jin\u00e9 znamenat komplikace nebo dokonce z\u00e1kaz je\u017ed\u011bn\u00ed. P\u0159ed vjezdem na konkr\u00e9tn\u00ed z\u00e1vodn\u00ed okruh nebo autodrom je tedy nutn\u00e9 sezn\u00e1mit se s pravidly.<\/p>\n<p>[\/et_pb_text][\/et_pb_column][\/et_pb_row][et_pb_row custom_padding_last_edited=&#8220;on|phone&#8220; _builder_version=&#8220;4.16&#8243; width_tablet=&#8220;&#8220; width_phone=&#8220;90%&#8220; width_last_edited=&#8220;on|phone&#8220; custom_padding=&#8220;||||false|true&#8220; custom_padding_tablet=&#8220;|3%||3%|false|true&#8220; custom_padding_phone=&#8220;&#8220; global_colors_info=&#8220;{}&#8220;][et_pb_column type=&#8220;4_4&#8243; _builder_version=&#8220;4.16&#8243; global_colors_info=&#8220;{}&#8220;][et_pb_text _builder_version=&#8220;4.16&#8243; text_font=&#8220;|300|||||||&#8220; text_text_color=&#8220;#000000&#8243; text_font_size=&#8220;17px&#8220; text_line_height=&#8220;1.8em&#8220; header_2_font=&#8220;Oswald|||on|||||&#8220; locked=&#8220;off&#8220; global_colors_info=&#8220;{}&#8220;]<\/p>\n<p>Mal\u00fd okruh Sosnov\u00e1 u \u010cesk\u00e9 L\u00edpy se sv\u00fdm profilem v\u00fdrazn\u011b li\u0161\u00ed od trat\u00ed jako je Most nebo Brno. P\u0159eva\u017euj\u00ed zde pomal\u00e9 zat\u00e1\u010dky a technick\u00e9 pas\u00e1\u017ee. Krom\u011b nejdel\u0161\u00ed c\u00edlov\u00e9 rovinky pod\u00e9l tribun je tra\u0165 nav\u00edc velmi \u00fazk\u00e1. Pneumatiky, svodidla a dal\u0161\u00ed z\u00e1brany jsou tak velmi bl\u00edzko.<\/p>\n<p>Abychom minimalizovali nebezpe\u010dn\u00e9 situace b\u011bhem na\u0161ich trackdays, m\u00e1me p\u0159\u00edsn\u011b stanoven\u00fd limit \u00fa\u010dastn\u00edk\u016f. Proto se zde b\u011bhem na\u0161ich odpoledn\u00edch akc\u00ed sejde v\u017edy maxim\u00e1ln\u011b 15 aut. S je\u017ed\u011bn\u00edm v Sosnov\u00e9 jsou ale spojena dal\u0161\u00ed pravidla, kter\u00e1 vy\u017eadujeme my a nebo samotn\u00fd provozovatel Autodromu Sosnov\u00e1. Poj\u010fme se s nimi sezn\u00e1mit.<\/p>\n<p>[\/et_pb_text][\/et_pb_column][\/et_pb_row][\/et_pb_section][et_pb_section fb_built=&#8220;1&#8243; _builder_version=&#8220;4.16&#8243; custom_margin=&#8220;0px||0px||true|false&#8220; custom_padding=&#8220;0px||||false|false&#8220; global_colors_info=&#8220;{}&#8220;][et_pb_row custom_padding_last_edited=&#8220;on|phone&#8220; _builder_version=&#8220;4.16&#8243; width_tablet=&#8220;&#8220; width_phone=&#8220;100%&#8220; width_last_edited=&#8220;on|phone&#8220; custom_margin=&#8220;||3%||false|false&#8220; custom_padding=&#8220;||||false|true&#8220; custom_padding_tablet=&#8220;|3%||3%|false|true&#8220; custom_padding_phone=&#8220;|0%||0%|false|true&#8220; global_colors_info=&#8220;{}&#8220;][et_pb_column type=&#8220;4_4&#8243; _builder_version=&#8220;4.16&#8243; global_colors_info=&#8220;{}&#8220;][et_pb_image src=&#8220;https:\/\/www.corners.cz\/wp-content\/uploads\/2021\/11\/Asset-3-8.png&#8220; title_text=&#8220;Asset 3-8&#8243; _builder_version=&#8220;4.16&#8243; _module_preset=&#8220;default&#8220; background_color=&#8220;#FFFFFF&#8220; width_tablet=&#8220;100%&#8220; width_phone=&#8220;&#8220; width_last_edited=&#8220;on|tablet&#8220; max_width=&#8220;100%&#8220; global_colors_info=&#8220;{}&#8220;][\/et_pb_image][\/et_pb_column][\/et_pb_row][et_pb_row custom_padding_last_edited=&#8220;on|phone&#8220; _builder_version=&#8220;4.16&#8243; width_tablet=&#8220;&#8220; width_phone=&#8220;90%&#8220; width_last_edited=&#8220;on|phone&#8220; custom_margin=&#8220;||3%||false|false&#8220; custom_padding=&#8220;||||false|true&#8220; custom_padding_tablet=&#8220;|3%||3%|false|true&#8220; custom_padding_phone=&#8220;&#8220; global_colors_info=&#8220;{}&#8220;][et_pb_column type=&#8220;4_4&#8243; _builder_version=&#8220;4.16&#8243; global_colors_info=&#8220;{}&#8220;][et_pb_text _builder_version=&#8220;4.27.5&#8243; text_font=&#8220;Montserrat|300|||||||&#8220; text_text_color=&#8220;#000000&#8243; text_font_size=&#8220;17px&#8220; text_line_height=&#8220;1.8em&#8220; header_2_font=&#8220;OswaldFinal|700||on|||||&#8220; hover_enabled=&#8220;0&#8243; header_2_font_size_tablet=&#8220;&#8220; header_2_font_size_phone=&#8220;27px&#8220; header_2_font_size_last_edited=&#8220;on|phone&#8220; header_2_line_height_tablet=&#8220;&#8220; header_2_line_height_phone=&#8220;1.4em&#8220; header_2_line_height_last_edited=&#8220;on|phone&#8220; locked=&#8220;off&#8220; global_colors_info=&#8220;{}&#8220; sticky_enabled=&#8220;0&#8243;]<\/p>\n<h2>P\u0158ET\u00c1\u010cIV\u00c9 SMYKY ANO, ALE..<\/h2>\n<p>Okruh v Sosnov\u00e9 jsme si stejn\u011b jako vy obl\u00edbili hlavn\u011b pro tr\u00e9nink p\u0159et\u00e1\u010div\u00fdch smyk\u016f. J\u00edzda bokem m\u00e1 v\u0161ak na t\u00e9to trati jasn\u00e1 pravidla, kter\u00e1 mus\u00edme v\u0161ichni dodr\u017eovat. P\u0159et\u00e1\u010div\u00e9 smyky ve v\u0161ech zat\u00e1\u010dk\u00e1ch jsou povoleny.<\/p>\n<p>Nesm\u00ed se v\u0161ak driftovat na rovn\u00fdch \u00fasec\u00edch mezi zat\u00e1\u010dkami a \u201erozhazovat\u201c auto p\u0159ed zat\u00e1\u010dkou d\u0159\u00edve, ne\u017e je nutn\u00e9 pro ide\u00e1ln\u00ed pr\u016fjezd zat\u00e1\u010dky, viz. vyzna\u010den\u00e9 sekce na n\u00e1kresu v\u00fd\u0161e. P\u00e1len\u00ed pneumatik na m\u00edst\u011b nebo donuty jsou zak\u00e1z\u00e1ny v cel\u00e9m prostoru autodromu.<\/p>\n<p>Mus\u00edte si d\u00e1vat pozor tak\u00e9 na opakovan\u00e9 vyjet\u00ed mimo tra\u0165 na zatravn\u011bn\u00e9 plochy nebo ka\u010d\u00edrek, oboje m\u016f\u017ee v\u00e9st k z\u00e1kazu je\u017ed\u011bn\u00ed ze strany provozovatele okruhu.<\/p>\n<h2>HLUKOV\u00c9 LIMITY<\/h2>\n<p>Hlukov\u00fd limit je t\u00e9ma, kter\u00e9 se hlavn\u011b v zahrani\u010d\u00ed \u0159e\u0161\u00ed prakticky na v\u0161ech trat\u00edch. U n\u00e1s v \u010desku maj\u00ed alespo\u0148 prozat\u00edm bezprobl\u00e9mov\u00fd vjezd v\u0161echna sportovn\u00ed auta se s\u00e9riov\u00fdm v\u00fdfukem. Auta s v\u00fdrazn\u011b upraven\u00fdm v\u00fdfukem a nadm\u011brn\u00fdm hlukem mohou b\u00fdt nam\u00e1tkov\u011b m\u011b\u0159ena. V\u00fdrazn\u00e9 p\u0159ekro\u010den\u00ed hlukov\u00e9ho limitu m\u016f\u017ee v\u00e9st ke stornov\u00e1n\u00ed registrace. Aktu\u00e1ln\u011b je v Sosnov\u00e9 limit 84dB.<\/p>\n<h2>STOP PRO DRIFTOVAC\u00cd SPECI\u00c1LY<\/h2>\n<p>Sou\u010dasn\u011b s ukon\u010den\u00edm v\u0161ech drift z\u00e1vod\u016f i tr\u00e9nink\u016f na Autodromu v Sosnov\u00e9 nen\u00ed mo\u017en\u00e9 registrovat se na na\u0161e akce s driftovac\u00edm speci\u00e1lem. Pravidla Autodromu Sosnov\u00e1 provoz t\u011bchto voz\u016f v\u00fdslovn\u011b zakazuj\u00ed.<\/p>\n<h2>Dodr\u017eujte pravidla z rozpravy<\/h2>\n<p>P\u0159ed zah\u00e1jen\u00edm ka\u017ed\u00e9 akce prob\u00edh\u00e1 rozprava. Na t\u00e9 si \u0159ekneme krom\u011b okruhov\u00fdch pravidel tak\u00e9 platnou konfiguraci trati. V Sosnov\u00e9 je mo\u017en\u00fdch variant hned n\u011bkolik, a je t\u0159eba aby v\u0161ichni \u00fa\u010dastn\u00edci bez vyj\u00edmek jezdili stejnou trasu. V\u017edy si \u0159ekneme, jak jezdit v bodech vyzna\u010den\u00fdch v\u00fd\u0161e p\u00edsmeny C a D. Pokud si n\u011bkdy nejste jist\u00ed, zeptejte se n\u00e1s. P\u0159i rozprav\u011b budou tak\u00e9 zejm\u00e9na nov\u00e1\u010dci upozorn\u011bni na nezpe\u010dn\u00e1 m\u00edsta na trati. Mezi \u00fasek s vy\u0161\u0161\u00edm rizikem pat\u0159\u00ed hlavn\u011b \u010d\u00e1st ozna\u010den\u00e1 p\u00edsmenem A &#8211; hroz\u00ed zde po p\u0159eto\u010den\u00ed n\u00e1raz do svodidel.<\/p>\n<p>[\/et_pb_text][\/et_pb_column][\/et_pb_row][et_pb_row column_structure=&#8220;1_2,1_2&#8243; use_custom_gutter=&#8220;on&#8220; gutter_width=&#8220;1&#8243; padding_mobile=&#8220;on&#8220; make_equal=&#8220;on&#8220; column_padding_mobile=&#8220;on&#8220; admin_label=&#8220;Row&#8220; module_class=&#8220; et_pb_row_fullwidth&#8220; _builder_version=&#8220;4.16&#8243; background_size=&#8220;initial&#8220; background_position=&#8220;top_left&#8220; background_repeat=&#8220;repeat&#8220; width=&#8220;100%&#8220; width_tablet=&#8220;100%&#8220; width_phone=&#8220;&#8220; width_last_edited=&#8220;on|desktop&#8220; max_width=&#8220;100%&#8220; max_width_tablet=&#8220;100%&#8220; max_width_phone=&#8220;&#8220; max_width_last_edited=&#8220;on|desktop&#8220; custom_padding=&#8220;0px||0px|&#8220; make_fullwidth=&#8220;on&#8220; use_custom_width=&#8220;off&#8220; width_unit=&#8220;on&#8220; global_colors_info=&#8220;{}&#8220;][et_pb_column type=&#8220;1_2&#8243; _builder_version=&#8220;4.16&#8243; custom_padding=&#8220;|||&#8220; global_colors_info=&#8220;{}&#8220; custom_padding__hover=&#8220;|||&#8220;][et_pb_image src=&#8220;https:\/\/www.corners.cz\/wp-content\/uploads\/2021\/11\/IMGP050.jpg&#8220; title_text=&#8220;IMGP050&#8243; align=&#8220;center&#8220; force_fullwidth=&#8220;on&#8220; align_tablet=&#8220;center&#8220; align_phone=&#8220;&#8220; align_last_edited=&#8220;on|desktop&#8220; admin_label=&#8220;Image&#8220; _builder_version=&#8220;4.16&#8243; use_border_color=&#8220;off&#8220; border_color=&#8220;#ffffff&#8220; border_style=&#8220;solid&#8220; animation=&#8220;off&#8220; sticky=&#8220;off&#8220; always_center_on_mobile=&#8220;on&#8220; global_colors_info=&#8220;{}&#8220;] [\/et_pb_image][\/et_pb_column][et_pb_column type=&#8220;1_2&#8243; _builder_version=&#8220;4.16&#8243; background_color=&#8220;#ffffff&#8220; custom_padding=&#8220;|||&#8220; global_colors_info=&#8220;{}&#8220; custom_padding__hover=&#8220;|||&#8220;][et_pb_image src=&#8220;https:\/\/www.corners.cz\/wp-content\/uploads\/2021\/11\/IMGP9606.jpg&#8220; title_text=&#8220;IMGP9606&#8243; align=&#8220;center&#8220; force_fullwidth=&#8220;on&#8220; align_tablet=&#8220;center&#8220; align_phone=&#8220;&#8220; align_last_edited=&#8220;on|desktop&#8220; admin_label=&#8220;Image&#8220; _builder_version=&#8220;4.16&#8243; use_border_color=&#8220;off&#8220; border_color=&#8220;#ffffff&#8220; border_style=&#8220;solid&#8220; animation=&#8220;off&#8220; sticky=&#8220;off&#8220; always_center_on_mobile=&#8220;on&#8220; global_colors_info=&#8220;{}&#8220;] [\/et_pb_image][\/et_pb_column][\/et_pb_row][et_pb_row column_structure=&#8220;1_2,1_2&#8243; use_custom_gutter=&#8220;on&#8220; gutter_width=&#8220;1&#8243; _builder_version=&#8220;4.16&#8243; width_tablet=&#8220;&#8220; width_phone=&#8220;90%&#8220; width_last_edited=&#8220;on|phone&#8220; custom_margin=&#8220;0px||0px||true|false&#8220; custom_padding=&#8220;0px||0px||true|false&#8220; global_colors_info=&#8220;{}&#8220;][et_pb_column type=&#8220;1_2&#8243; _builder_version=&#8220;4.16&#8243; global_colors_info=&#8220;{}&#8220;][et_pb_text _builder_version=&#8220;4.16&#8243; text_font=&#8220;Montseratt SemiBold||||||||&#8220; text_text_color=&#8220;#000000&#8243; text_font_size=&#8220;20px&#8220; text_line_height=&#8220;1.5em&#8220; header_3_font=&#8220;|200|||||||&#8220; header_3_text_color=&#8220;#303030&#8243; header_3_font_size=&#8220;21px&#8220; header_3_line_height=&#8220;1.4em&#8220; background_color=&#8220;#ffffff&#8220; transform_scale_tablet=&#8220;&#8220; transform_scale_phone=&#8220;&#8220; transform_scale_last_edited=&#8220;on|phone&#8220; transform_translate=&#8220;0px|-23%&#8220; transform_translate_tablet=&#8220;&#8220; transform_translate_phone=&#8220;0px|-10%&#8220; transform_translate_last_edited=&#8220;on|phone&#8220; transform_translate_linked=&#8220;off&#8220; transform_rotate_tablet=&#8220;&#8220; transform_rotate_phone=&#8220;&#8220; transform_rotate_last_edited=&#8220;on|phone&#8220; transform_skew_tablet=&#8220;&#8220; transform_skew_phone=&#8220;&#8220; transform_skew_last_edited=&#8220;on|phone&#8220; transform_origin_tablet=&#8220;&#8220; transform_origin_phone=&#8220;&#8220; transform_origin_last_edited=&#8220;on|phone&#8220; transform_styles_last_edited=&#8220;on|phone&#8220; custom_margin=&#8220;0px||||false|false&#8220; custom_padding=&#8220;8%|13%|8%|13%|true|true&#8220; animation_style=&#8220;slide&#8220; animation_direction=&#8220;left&#8220; animation_intensity_slide=&#8220;10%&#8220; transform_styles_tablet=&#8220;&#8220; transform_styles_phone=&#8220;&#8220; box_shadow_style=&#8220;preset3&#8243; box_shadow_spread=&#8220;-11px&#8220; global_colors_info=&#8220;{}&#8220;]<\/p>\n<p><strong>Nesm\u00ed se driftovat na rovn\u00fdch \u00fasec\u00edch mezi zat\u00e1\u010dkami a \u201erozhazovat\u201c auto p\u0159ed zat\u00e1\u010dkou d\u0159\u00edve, ne\u017e je nutn\u00e9 pro ide\u00e1ln\u00ed pr\u016fjezd zat\u00e1\u010dky.<\/strong><\/p>\n<p>[\/et_pb_text][\/et_pb_column][et_pb_column type=&#8220;1_2&#8243; _builder_version=&#8220;4.16&#8243; global_colors_info=&#8220;{}&#8220;][\/et_pb_column][\/et_pb_row][et_pb_row custom_padding_last_edited=&#8220;on|phone&#8220; _builder_version=&#8220;4.16&#8243; width_tablet=&#8220;&#8220; width_phone=&#8220;90%&#8220; width_last_edited=&#8220;on|phone&#8220; custom_margin=&#8220;||3%||false|false&#8220; custom_padding=&#8220;||||false|true&#8220; custom_padding_tablet=&#8220;|3%||3%|false|true&#8220; custom_padding_phone=&#8220;&#8220; global_colors_info=&#8220;{}&#8220;][et_pb_column type=&#8220;4_4&#8243; _builder_version=&#8220;4.16&#8243; global_colors_info=&#8220;{}&#8220;][et_pb_text _builder_version=&#8220;4.16&#8243; text_font=&#8220;Montserrat|300|||||||&#8220; text_text_color=&#8220;#000000&#8243; text_font_size=&#8220;17px&#8220; text_line_height=&#8220;1.8em&#8220; ul_line_height=&#8220;2em&#8220; header_2_font=&#8220;OswaldFinal|700||on|||||&#8220; header_2_font_size_tablet=&#8220;&#8220; header_2_font_size_phone=&#8220;27px&#8220; header_2_font_size_last_edited=&#8220;on|phone&#8220; header_2_line_height_tablet=&#8220;&#8220; header_2_line_height_phone=&#8220;1.4em&#8220; header_2_line_height_last_edited=&#8220;on|phone&#8220; locked=&#8220;off&#8220; global_colors_info=&#8220;{}&#8220;]<\/p>\n<h2>P\u0159ehledn\u011b a pro rekapitulaci<\/h2>\n<ul>\n<li>Z\u00e1kaz driftov\u00e1n\u00ed na vyzna\u010den\u00fdch \u00fasec\u00edch<\/li>\n<li>Z\u00e1kaz registrace driftovac\u00edch speci\u00e1l\u016f a aut bez RZ<\/li>\n<li>Nutn\u00e9 dodr\u017eovat variantu trasy domluvenou p\u0159i rozprav\u011b<\/li>\n<li>U nadm\u011brn\u011b hlu\u010dn\u00e9ho auta m\u016f\u017ee doj\u00edt k vyk\u00e1z\u00e1n\u00ed od provozovatele autodromu<\/li>\n<li>Nedodr\u017eov\u00e1n\u00ed \u010di opakovan\u00e9 poru\u0161en\u00ed pravidel m\u016f\u017ee v\u00e9st k z\u00e1kazu je\u017ed\u011bn\u00ed<\/li>\n<\/ul>\n<p>[\/et_pb_text][\/et_pb_column][\/et_pb_row][\/et_pb_section]<\/p>\n","protected":false},"excerpt":{"rendered":"<p>PRAVIDLA SOSNOV\u00c1Pravidla pro j\u00edzdu na z\u00e1vodn\u00edm okruhu se mohou v\u00fdrazn\u011b li\u0161it. Co je na jedn\u00e9 trati b\u011b\u017en\u00e9, m\u016f\u017ee na jin\u00e9 znamenat komplikace nebo dokonce z\u00e1kaz je\u017ed\u011bn\u00ed. P\u0159ed vjezdem na konkr\u00e9tn\u00ed z\u00e1vodn\u00ed okruh nebo autodrom je tedy nutn\u00e9 sezn\u00e1mit se s pravidly.Mal\u00fd okruh Sosnov\u00e1 u \u010cesk\u00e9 L\u00edpy se sv\u00fdm profilem v\u00fdrazn\u011b li\u0161\u00ed od trat\u00ed jako je [&hellip;]<\/p>\n","protected":false},"author":1,"featured_media":0,"parent":0,"menu_order":0,"comment_status":"closed","ping_status":"closed","template":"","meta":{"_et_pb_use_builder":"on","_et_pb_old_content":"","_et_gb_content_width":"","footnotes":""},"difl_page_category":[],"class_list":["post-248378","page","type-page","status-publish","hentry"],"yoast_head":"<!-- This site is optimized with the Yoast SEO plugin v27.4 - https:\/\/yoast.com\/product\/yoast-seo-wordpress\/ -->\n<title>Pravidla v Sosnov\u00e9 - corners.cz<\/title>\n<meta name=\"description\" content=\"Pravidla pro j\u00edzdu na z\u00e1vodn\u00edm okruhu se mohou v\u00fdrazn\u011b li\u0161it. Co je na jedn\u00e9 trati b\u011b\u017en\u00e9, m\u016f\u017ee na jin\u00e9 znamenat komplikace nebo dokonce z\u00e1kaz je\u017ed\u011bn\u00ed. P\u0159ed vstupem na konkr\u00e9tn\u00ed z\u00e1vodn\u00ed okruh nebo autodrom je tedy dobr\u00e9 sezn\u00e1mit se s pravidly.\" \/>\n<meta name=\"robots\" content=\"index, follow, max-snippet:-1, max-image-preview:large, max-video-preview:-1\" \/>\n<link rel=\"canonical\" href=\"https:\/\/www.corners.cz\/en\/pravidla-sosnova\/\" \/>\n<meta property=\"og:locale\" content=\"en_GB\" \/>\n<meta property=\"og:type\" content=\"article\" \/>\n<meta property=\"og:title\" content=\"Pravidla v Sosnov\u00e9 - corners.cz\" \/>\n<meta property=\"og:description\" content=\"Pravidla pro j\u00edzdu na z\u00e1vodn\u00edm okruhu se mohou v\u00fdrazn\u011b li\u0161it. Co je na jedn\u00e9 trati b\u011b\u017en\u00e9, m\u016f\u017ee na jin\u00e9 znamenat komplikace nebo dokonce z\u00e1kaz je\u017ed\u011bn\u00ed. P\u0159ed vstupem na konkr\u00e9tn\u00ed z\u00e1vodn\u00ed okruh nebo autodrom je tedy dobr\u00e9 sezn\u00e1mit se s pravidly.\" \/>\n<meta property=\"og:url\" content=\"https:\/\/www.corners.cz\/en\/pravidla-sosnova\/\" \/>\n<meta property=\"og:site_name\" content=\"corners.cz\" \/>\n<meta property=\"article:modified_time\" content=\"2026-03-08T13:50:57+00:00\" \/>\n<meta property=\"og:image\" content=\"https:\/\/www.corners.cz\/wp-content\/uploads\/2020\/11\/NBT05558.jpg\" \/>\n\t<meta property=\"og:image:width\" content=\"1500\" \/>\n\t<meta property=\"og:image:height\" content=\"1000\" \/>\n\t<meta property=\"og:image:type\" content=\"image\/jpeg\" \/>\n<meta name=\"twitter:card\" content=\"summary_large_image\" \/>\n<script type=\"application\/ld+json\" class=\"yoast-schema-graph\">{\"@context\":\"https:\\\/\\\/schema.org\",\"@graph\":[{\"@type\":\"WebPage\",\"@id\":\"https:\\\/\\\/www.corners.cz\\\/pravidla-sosnova\\\/\",\"url\":\"https:\\\/\\\/www.corners.cz\\\/pravidla-sosnova\\\/\",\"name\":\"Pravidla v Sosnov\u00e9 - corners.cz\",\"isPartOf\":{\"@id\":\"https:\\\/\\\/www.corners.cz\\\/#website\"},\"datePublished\":\"2021-11-05T07:11:25+00:00\",\"dateModified\":\"2026-03-08T13:50:57+00:00\",\"description\":\"Pravidla pro j\u00edzdu na z\u00e1vodn\u00edm okruhu se mohou v\u00fdrazn\u011b li\u0161it. Co je na jedn\u00e9 trati b\u011b\u017en\u00e9, m\u016f\u017ee na jin\u00e9 znamenat komplikace nebo dokonce z\u00e1kaz je\u017ed\u011bn\u00ed. P\u0159ed vstupem na konkr\u00e9tn\u00ed z\u00e1vodn\u00ed okruh nebo autodrom je tedy dobr\u00e9 sezn\u00e1mit se s pravidly.\",\"breadcrumb\":{\"@id\":\"https:\\\/\\\/www.corners.cz\\\/pravidla-sosnova\\\/#breadcrumb\"},\"inLanguage\":\"en-GB\",\"potentialAction\":[{\"@type\":\"ReadAction\",\"target\":[\"https:\\\/\\\/www.corners.cz\\\/pravidla-sosnova\\\/\"]}]},{\"@type\":\"BreadcrumbList\",\"@id\":\"https:\\\/\\\/www.corners.cz\\\/pravidla-sosnova\\\/#breadcrumb\",\"itemListElement\":[{\"@type\":\"ListItem\",\"position\":1,\"name\":\"Dom\u016f\",\"item\":\"https:\\\/\\\/www.corners.cz\\\/\"},{\"@type\":\"ListItem\",\"position\":2,\"name\":\"Pravidla v Sosnov\u00e9\"}]},{\"@type\":\"WebSite\",\"@id\":\"https:\\\/\\\/www.corners.cz\\\/#website\",\"url\":\"https:\\\/\\\/www.corners.cz\\\/\",\"name\":\"corners.cz\",\"description\":\"Pure driver&#039;s experience.\",\"publisher\":{\"@id\":\"https:\\\/\\\/www.corners.cz\\\/#organization\"},\"potentialAction\":[{\"@type\":\"SearchAction\",\"target\":{\"@type\":\"EntryPoint\",\"urlTemplate\":\"https:\\\/\\\/www.corners.cz\\\/?s={search_term_string}\"},\"query-input\":{\"@type\":\"PropertyValueSpecification\",\"valueRequired\":true,\"valueName\":\"search_term_string\"}}],\"inLanguage\":\"en-GB\"},{\"@type\":\"Organization\",\"@id\":\"https:\\\/\\\/www.corners.cz\\\/#organization\",\"name\":\"corners.cz\",\"url\":\"https:\\\/\\\/www.corners.cz\\\/\",\"logo\":{\"@type\":\"ImageObject\",\"inLanguage\":\"en-GB\",\"@id\":\"https:\\\/\\\/www.corners.cz\\\/#\\\/schema\\\/logo\\\/image\\\/\",\"url\":\"https:\\\/\\\/www.corners.cz\\\/wp-content\\\/uploads\\\/2020\\\/10\\\/Group-152@2x.png\",\"contentUrl\":\"https:\\\/\\\/www.corners.cz\\\/wp-content\\\/uploads\\\/2020\\\/10\\\/Group-152@2x.png\",\"width\":497,\"height\":38,\"caption\":\"corners.cz\"},\"image\":{\"@id\":\"https:\\\/\\\/www.corners.cz\\\/#\\\/schema\\\/logo\\\/image\\\/\"}}]}<\/script>\n<!-- \/ Yoast SEO plugin. -->","yoast_head_json":{"title":"Pravidla v Sosnov\u00e9 - corners.cz","description":"Pravidla pro j\u00edzdu na z\u00e1vodn\u00edm okruhu se mohou v\u00fdrazn\u011b li\u0161it. Co je na jedn\u00e9 trati b\u011b\u017en\u00e9, m\u016f\u017ee na jin\u00e9 znamenat komplikace nebo dokonce z\u00e1kaz je\u017ed\u011bn\u00ed. P\u0159ed vstupem na konkr\u00e9tn\u00ed z\u00e1vodn\u00ed okruh nebo autodrom je tedy dobr\u00e9 sezn\u00e1mit se s pravidly.","robots":{"index":"index","follow":"follow","max-snippet":"max-snippet:-1","max-image-preview":"max-image-preview:large","max-video-preview":"max-video-preview:-1"},"canonical":"https:\/\/www.corners.cz\/en\/pravidla-sosnova\/","og_locale":"en_GB","og_type":"article","og_title":"Pravidla v Sosnov\u00e9 - corners.cz","og_description":"Pravidla pro j\u00edzdu na z\u00e1vodn\u00edm okruhu se mohou v\u00fdrazn\u011b li\u0161it. Co je na jedn\u00e9 trati b\u011b\u017en\u00e9, m\u016f\u017ee na jin\u00e9 znamenat komplikace nebo dokonce z\u00e1kaz je\u017ed\u011bn\u00ed. P\u0159ed vstupem na konkr\u00e9tn\u00ed z\u00e1vodn\u00ed okruh nebo autodrom je tedy dobr\u00e9 sezn\u00e1mit se s pravidly.","og_url":"https:\/\/www.corners.cz\/en\/pravidla-sosnova\/","og_site_name":"corners.cz","article_modified_time":"2026-03-08T13:50:57+00:00","og_image":[{"width":1500,"height":1000,"url":"https:\/\/www.corners.cz\/wp-content\/uploads\/2020\/11\/NBT05558.jpg","type":"image\/jpeg"}],"twitter_card":"summary_large_image","schema":{"@context":"https:\/\/schema.org","@graph":[{"@type":"WebPage","@id":"https:\/\/www.corners.cz\/pravidla-sosnova\/","url":"https:\/\/www.corners.cz\/pravidla-sosnova\/","name":"Pravidla v Sosnov\u00e9 - corners.cz","isPartOf":{"@id":"https:\/\/www.corners.cz\/#website"},"datePublished":"2021-11-05T07:11:25+00:00","dateModified":"2026-03-08T13:50:57+00:00","description":"Pravidla pro j\u00edzdu na z\u00e1vodn\u00edm okruhu se mohou v\u00fdrazn\u011b li\u0161it. Co je na jedn\u00e9 trati b\u011b\u017en\u00e9, m\u016f\u017ee na jin\u00e9 znamenat komplikace nebo dokonce z\u00e1kaz je\u017ed\u011bn\u00ed. P\u0159ed vstupem na konkr\u00e9tn\u00ed z\u00e1vodn\u00ed okruh nebo autodrom je tedy dobr\u00e9 sezn\u00e1mit se s pravidly.","breadcrumb":{"@id":"https:\/\/www.corners.cz\/pravidla-sosnova\/#breadcrumb"},"inLanguage":"en-GB","potentialAction":[{"@type":"ReadAction","target":["https:\/\/www.corners.cz\/pravidla-sosnova\/"]}]},{"@type":"BreadcrumbList","@id":"https:\/\/www.corners.cz\/pravidla-sosnova\/#breadcrumb","itemListElement":[{"@type":"ListItem","position":1,"name":"Dom\u016f","item":"https:\/\/www.corners.cz\/"},{"@type":"ListItem","position":2,"name":"Pravidla v Sosnov\u00e9"}]},{"@type":"WebSite","@id":"https:\/\/www.corners.cz\/#website","url":"https:\/\/www.corners.cz\/","name":"corners.cz","description":"Pure driver&#039;s experience.","publisher":{"@id":"https:\/\/www.corners.cz\/#organization"},"potentialAction":[{"@type":"SearchAction","target":{"@type":"EntryPoint","urlTemplate":"https:\/\/www.corners.cz\/?s={search_term_string}"},"query-input":{"@type":"PropertyValueSpecification","valueRequired":true,"valueName":"search_term_string"}}],"inLanguage":"en-GB"},{"@type":"Organization","@id":"https:\/\/www.corners.cz\/#organization","name":"corners.cz","url":"https:\/\/www.corners.cz\/","logo":{"@type":"ImageObject","inLanguage":"en-GB","@id":"https:\/\/www.corners.cz\/#\/schema\/logo\/image\/","url":"https:\/\/www.corners.cz\/wp-content\/uploads\/2020\/10\/Group-152@2x.png","contentUrl":"https:\/\/www.corners.cz\/wp-content\/uploads\/2020\/10\/Group-152@2x.png","width":497,"height":38,"caption":"corners.cz"},"image":{"@id":"https:\/\/www.corners.cz\/#\/schema\/logo\/image\/"}}]}},"_links":{"self":[{"href":"https:\/\/www.corners.cz\/en\/wp-json\/wp\/v2\/pages\/248378","targetHints":{"allow":["GET"]}}],"collection":[{"href":"https:\/\/www.corners.cz\/en\/wp-json\/wp\/v2\/pages"}],"about":[{"href":"https:\/\/www.corners.cz\/en\/wp-json\/wp\/v2\/types\/page"}],"author":[{"embeddable":true,"href":"https:\/\/www.corners.cz\/en\/wp-json\/wp\/v2\/users\/1"}],"replies":[{"embeddable":true,"href":"https:\/\/www.corners.cz\/en\/wp-json\/wp\/v2\/comments?post=248378"}],"version-history":[{"count":14,"href":"https:\/\/www.corners.cz\/en\/wp-json\/wp\/v2\/pages\/248378\/revisions"}],"predecessor-version":[{"id":987506958,"href":"https:\/\/www.corners.cz\/en\/wp-json\/wp\/v2\/pages\/248378\/revisions\/987506958"}],"wp:attachment":[{"href":"https:\/\/www.corners.cz\/en\/wp-json\/wp\/v2\/media?parent=248378"}],"wp:term":[{"taxonomy":"difl_page_category","embeddable":true,"href":"https:\/\/www.corners.cz\/en\/wp-json\/wp\/v2\/difl_page_category?post=248378"}],"curies":[{"name":"wp","href":"https:\/\/api.w.org\/{rel}","templated":true}]}}